{"id":29720,"date":"2024-08-02T08:23:09","date_gmt":"2024-08-02T08:23:09","guid":{"rendered":"https:\/\/dienmaytuandat.com\/?post_type=product&#038;p=29720"},"modified":"2024-10-08T08:02:32","modified_gmt":"2024-10-08T08:02:32","slug":"quat-lung-1638-senko","status":"publish","type":"product","link":"https:\/\/dienmaytuandat.com\/index.php\/san-pham\/quat-lung-1638-senko\/","title":{"rendered":"Qu\u1ea1t l\u1eedng 1638 Senko"},"content":{"rendered":"","protected":false},"excerpt":{"rendered":"<p><span style=\"font-size: 14pt;\"><strong>\u0110\u1eb7c \u0110i\u1ec3m N\u1ed5i B\u1eadt<\/strong><\/span><br \/>\nThi\u1ebft k\u1ebf ch\u00e2n \u0111\u1ebf qu\u1ea1t Senko to, v\u1eefng ch\u1eafc, kh\u00f4ng rung l\u1eafc khi ho\u1ea1t \u0111\u1ed9ng<br \/>\n3 c\u00e1nh qu\u1ea1t c\u00f3 \u0111\u01b0\u1eddng k\u00ednh 39 cm l\u00e0m m\u00e1t hi\u1ec7u qu\u1ea3 tr\u00ean kh\u00f4ng gian l\u1edbn<br \/>\nC\u00f3 th\u1ec3 thay \u0111\u1ed5i chi\u1ec1u cao t\u1eeb 75.6 &#8211; 91.5 cm ph\u00f9 h\u1ee3p v\u1edbi nhu c\u1ea7u s\u1eed d\u1ee5ng<br \/>\nT\u00f9y ch\u1ec9nh 3 m\u1ee9c gi\u00f3 d\u1ec5 d\u00e0ng b\u1eb1ng n\u00fat nh\u1ea5n, ph\u00f9 h\u1ee3p v\u1edbi c\u1ea3 ng\u01b0\u1eddi l\u1edbn tu\u1ed5i<br \/>\nC\u00f4ng su\u1ea5t ho\u1ea1t \u0111\u1ed9ng 47W cho qu\u1ea1t l\u00e0m m\u00e1t nhanh, ti\u00eau th\u1ee5 \u0111i\u1ec7n n\u0103ng \u00edt<br \/>\nL\u1ed3ng qu\u1ea1t c\u00f3 nan \u0111an kh\u00edt, b\u1ea3o \u0111\u1ea3m an to\u00e0n, c\u00f3 th\u1ec3 th\u00e1o r\u1eddi d\u1ec5 lau ch\u00f9i<br \/>\nQu\u1ea1t Senko L1638 s\u1eed d\u1ee5ng motor b\u1ea1c thau qu\u1ea5n d\u00e2y \u0111\u1ed3ng 100% b\u1ec1n b\u1ec9<\/p>\n","protected":false},"featured_media":29738,"comment_status":"open","ping_status":"closed","template":"","meta":[],"product_brand":[],"product_cat":[147],"product_tag":[],"class_list":{"0":"post-29720","1":"product","2":"type-product","3":"status-publish","4":"has-post-thumbnail","6":"product_cat-do-gia-dung","8":"first","9":"instock","10":"taxable","11":"shipping-taxable","12":"purchasable","13":"product-type-simple"},"_links":{"self":[{"href":"https:\/\/dienmaytuandat.com\/index.php\/wp-json\/wp\/v2\/product\/29720","targetHints":{"allow":["GET"]}}],"collection":[{"href":"https:\/\/dienmaytuandat.com\/index.php\/wp-json\/wp\/v2\/product"}],"about":[{"href":"https:\/\/dienmaytuandat.com\/index.php\/wp-json\/wp\/v2\/types\/product"}],"replies":[{"embeddable":true,"href":"https:\/\/dienmaytuandat.com\/index.php\/wp-json\/wp\/v2\/comments?post=29720"}],"version-history":[{"count":2,"href":"https:\/\/dienmaytuandat.com\/index.php\/wp-json\/wp\/v2\/product\/29720\/revisions"}],"predecessor-version":[{"id":30485,"href":"https:\/\/dienmaytuandat.com\/index.php\/wp-json\/wp\/v2\/product\/29720\/revisions\/30485"}],"wp:featuredmedia":[{"embeddable":true,"href":"https:\/\/dienmaytuandat.com\/index.php\/wp-json\/wp\/v2\/media\/29738"}],"wp:attachment":[{"href":"https:\/\/dienmaytuandat.com\/index.php\/wp-json\/wp\/v2\/media?parent=29720"}],"wp:term":[{"taxonomy":"product_brand","embeddable":true,"href":"https:\/\/dienmaytuandat.com\/index.php\/wp-json\/wp\/v2\/product_brand?post=29720"},{"taxonomy":"product_cat","embeddable":true,"href":"https:\/\/dienmaytuandat.com\/index.php\/wp-json\/wp\/v2\/product_cat?post=29720"},{"taxonomy":"product_tag","embeddable":true,"href":"https:\/\/dienmaytuandat.com\/index.php\/wp-json\/wp\/v2\/product_tag?post=29720"}],"curies":[{"name":"wp","href":"https:\/\/api.w.org\/{rel}","templated":true}]}}