{"id":29726,"date":"2024-08-01T03:43:10","date_gmt":"2024-08-01T03:43:10","guid":{"rendered":"https:\/\/dienmaytuandat.com\/?post_type=product&#038;p=29726"},"modified":"2024-08-01T03:44:01","modified_gmt":"2024-08-01T03:44:01","slug":"quat-treo-t-162h-lifan","status":"publish","type":"product","link":"https:\/\/dienmaytuandat.com\/index.php\/san-pham\/quat-treo-t-162h-lifan\/","title":{"rendered":"Qu\u1ea1t treo T-162H Lifan"},"content":{"rendered":"<p>Qu\u1ea1t Treo T\u01b0\u1eddng LIFAN T-162H<br \/>\nQu\u1ea1t c\u00f3 thi\u1ebft k\u1ebf hi\u1ec7n \u0111\u1ea1i, ki\u1ec3u d\u00e1ng sang tr\u1ecdng, v\u1ecf ch\u1eafc ch\u1eafn, b\u1ec1n. Qu\u1ea1t treo Lifan T-162H c\u00f4ng su\u1ea5t l\u1edbn 45W nh\u01b0ng ch\u1ea1y \u00eam, kh\u00f4ng \u1ed3n \u00e0o s\u1ebd x\u00f3a tan nh\u1eefng n\u00f3ng b\u1ee9c, ng\u1ed9t ng\u1ea1t v\u00e0 mang l\u1ea1i c\u1ea3m gi\u00e1c th\u01b0 th\u00e1i, tho\u1ea3i m\u00e1i cho ng\u01b0\u1eddi d\u00f9ng.<\/p>\n<p>Qu\u1ea1t c\u00f3 ki\u1ec3u d\u00e1ng trang nh\u00e3 v\u00e0 nhi\u1ec1u m\u00e0u s\u1eafc \u0111\u1ec3 b\u1ea1n l\u1ef1a ch\u1ecdn ph\u00f9 h\u1ee3p v\u1edbi kh\u00f4ng gian n\u1ed9i th\u1ea5t c\u1ee7a ph\u00f2ng \u1edf.<\/p>\n<p>&nbsp;<\/p>\n<p>Qu\u1ea1t treo t\u01b0\u1eddng l\u00e0 gi\u1ea3i ph\u00e1p ti\u1ebft ki\u1ec7m kh\u00f4ng gian kh\u00e1 l\u00fd t\u01b0\u1edfng cho ng\u00f4i nh\u00e0 nh\u1ecf h\u1eb9p. B\u1ea1n n\u00ean treo qu\u1ea1t cao h\u01a1n s\u00e0n nh\u00e0 t\u1eeb 2m15 tr\u1edf l\u00ean, t\u1ed1t nh\u1ea5t l\u00e0 t\u1eeb 2m50 \u0111\u1ebfn 2m70 \u0111\u1ec3 \u0111\u1ea3m b\u1ea3o an to\u00e0n cho ng\u01b0\u1eddi s\u1eed d\u1ee5ng v\u00e0 gi\u00fap l\u01b0u th\u00f4ng kh\u00f4ng kh\u00ed trong ph\u00f2ng \u0111\u01b0\u1ee3c t\u1ed1t nh\u1ea5t.<\/p>\n<p>&nbsp;<\/p>\n<p>Nh\u1eefng ng\u00e0y n\u00f3ng n\u1ef1c v\u00e0 oi b\u1ee9c s\u1ebd kh\u00f4ng th\u1ec3 n\u00e0o thi\u1ebfu Qu\u1ea1t treo t\u01b0\u1eddng Lifan T-162H, v\u1edbi c\u00e1nh qu\u1ea1t kh\u00e1 r\u1ed9ng 40cm, qu\u1ea1t v\u1eadn h\u00e0nh \u00eam \u00e1i \u1edf m\u1ee9c c\u00f4ng su\u1ea5t 45W s\u1ebd t\u1ea1o ra nh\u1eefng lu\u1ed3ng gi\u00f3 \u1ed5n \u0111\u1ecbnh, nh\u1eb9 nh\u00e0ng nh\u01b0ng hi\u1ec7u qu\u1ea3 \u201cm\u1ea1nh m\u1ebd\u201d. So v\u1edbi nh\u1eefng s\u1ea3n ph\u1ea9m kh\u00e1c c\u00f9ng lo\u1ea1i th\u00ec s\u1ea3n ph\u1ea9m r\u1ea5t ti\u1ebft ki\u1ec7m \u0111i\u1ec7n n\u0103ng. B\u1ea1n s\u1ebd kh\u00f4ng ph\u1ea3i lo l\u1eafng v\u1ec1 ho\u00e1 \u0111\u01a1n \u0111i\u1ec7n cu\u1ed1i th\u00e1ng.<\/p>\n<p>&nbsp;<\/p>\n<p>Qu\u1ea1t c\u00f3 t\u1edbi 3 t\u1ed1c \u0111\u1ed9 gi\u00f3 nh\u1eb9, v\u1eeba, m\u1ea1nh cho b\u1ea1n l\u1ef1a ch\u1ecdn ph\u00f9 h\u1ee3p v\u1edbi nhu c\u1ea7u.<\/p>\n<p>Kh\u00f4ng gian gia \u0111\u00ecnh s\u1ebd tho\u00e1ng m\u00e1t t\u1ee9c th\u00ec khi b\u1ea1n b\u1eadt qu\u1ea1t, mang \u0111\u1ebfn s\u1ef1 ti\u1ec7n nghi v\u00e0 c\u1ea3m gi\u00e1c tho\u1ea3i m\u00e1i cho b\u1ea1n v\u00e0 ng\u01b0\u1eddi th\u00e2n.<\/p>\n","protected":false},"excerpt":{"rendered":"<p>S\u1ea3i c\u00e1nh : 40 cm<br \/>\n3 t\u1ed1c \u0111\u1ed9 gi\u00f3: m\u1ea1nh, v\u1eeba, nh\u1eb9<br \/>\nChuy\u1ec3n h\u01b0\u1edbng \u0111i\u1ec7n c\u00f3 d\u00e2y gi\u1ef1t<br \/>\nL\u01b0u l\u01b0\u1ee3ng gi\u00f3 : 70 m3 \/ min<br \/>\nC\u00f4ng su\u1ea5t : 45W<\/p>\n","protected":false},"featured_media":29729,"comment_status":"open","ping_status":"closed","template":"","meta":[],"product_brand":[],"product_cat":[147],"product_tag":[],"class_list":{"0":"post-29726","1":"product","2":"type-product","3":"status-publish","4":"has-post-thumbnail","6":"product_cat-do-gia-dung","8":"first","9":"instock","10":"taxable","11":"shipping-taxable","12":"purchasable","13":"product-type-simple"},"_links":{"self":[{"href":"https:\/\/dienmaytuandat.com\/index.php\/wp-json\/wp\/v2\/product\/29726","targetHints":{"allow":["GET"]}}],"collection":[{"href":"https:\/\/dienmaytuandat.com\/index.php\/wp-json\/wp\/v2\/product"}],"about":[{"href":"https:\/\/dienmaytuandat.com\/index.php\/wp-json\/wp\/v2\/types\/product"}],"replies":[{"embeddable":true,"href":"https:\/\/dienmaytuandat.com\/index.php\/wp-json\/wp\/v2\/comments?post=29726"}],"version-history":[{"count":0,"href":"https:\/\/dienmaytuandat.com\/index.php\/wp-json\/wp\/v2\/product\/29726\/revisions"}],"wp:featuredmedia":[{"embeddable":true,"href":"https:\/\/dienmaytuandat.com\/index.php\/wp-json\/wp\/v2\/media\/29729"}],"wp:attachment":[{"href":"https:\/\/dienmaytuandat.com\/index.php\/wp-json\/wp\/v2\/media?parent=29726"}],"wp:term":[{"taxonomy":"product_brand","embeddable":true,"href":"https:\/\/dienmaytuandat.com\/index.php\/wp-json\/wp\/v2\/product_brand?post=29726"},{"taxonomy":"product_cat","embeddable":true,"href":"https:\/\/dienmaytuandat.com\/index.php\/wp-json\/wp\/v2\/product_cat?post=29726"},{"taxonomy":"product_tag","embeddable":true,"href":"https:\/\/dienmaytuandat.com\/index.php\/wp-json\/wp\/v2\/product_tag?post=29726"}],"curies":[{"name":"wp","href":"https:\/\/api.w.org\/{rel}","templated":true}]}}