{"id":29787,"date":"2024-08-03T10:01:56","date_gmt":"2024-08-03T10:01:56","guid":{"rendered":"https:\/\/dienmaytuandat.com\/?post_type=product&#038;p=29787"},"modified":"2024-08-03T10:04:11","modified_gmt":"2024-08-03T10:04:11","slug":"vot-muoi-dien-quang-c24","status":"publish","type":"product","link":"https:\/\/dienmaytuandat.com\/index.php\/san-pham\/vot-muoi-dien-quang-c24\/","title":{"rendered":"V\u1ee3t mu\u1ed7i \u0110i\u1ec7n Quang EMR10 W"},"content":{"rendered":"<p>S\u1ea3n ph\u1ea9m \u0111\u01b0\u1ee3c l\u00e0m t\u1eeb nh\u1ef1a c\u00f3 \u0111\u1ed9 b\u1ec1n cao<\/p>\n<p>V\u1ee3t mu\u1ed7i \u0110i\u1ec7n Quang \u0111\u01b0\u1ee3c thi\u1ebft k\u1ebf theo phong c\u00e1ch tr\u1ebb trung, hi\u1ec7n \u0111\u1ea1i<\/p>\n<p>C\u00f4ng t\u1eafc c\u00f3 ba ch\u1ebf \u0111\u1ed9:<br \/>\n&#8211; Ch\u1ebf \u0111\u1ed9 1: V\u1ee3t mu\u1ed7i \u2013 g\u1ea1t c\u00f4ng t\u1eafc v\u1ec1 v\u1ecb tr\u00ed ON<br \/>\n&#8211; Ch\u1ebf \u0111\u1ed9 2: Di\u1ec7t mu\u1ed7i v\u00e0 \u0111\u00e8n thu h\u00fat c\u00f4n tr\u00f9ng \u2013 g\u1ea1t c\u00f4ng t\u1eafc v\u1ec1 v\u1ecb tr\u00ed \u0111\u00e8n.<br \/>\n&#8211; Ch\u1ebf \u0111\u1ed9 OFF<\/p>\n<p>\u0110\u00e8n Led b\u00e1o ho\u1ea1t \u0111\u1ed9ng<\/p>\n<p>\u0110\u00e8n Led b\u00e1o khi s\u1ea1c \u0111i\u1ec7n v\u00e0 chuy\u1ec3n m\u00e0u khi s\u1ea1c \u0111\u1ea7y.<\/p>\n","protected":false},"excerpt":{"rendered":"<p>Ch\u1ed1ng gi\u1eadt si\u00eau an to\u00e0n, x\u1ea3 nhanh d\u00f2ng \u0111i\u1ec7nch\u1ec9 trong 5 gi\u00e2y.<br \/>\nS\u1ea3n ph\u1ea9m \u0111\u01b0\u1ee3c t\u00edch h\u1ee3p Led thu h\u00fat c\u00f4n tr\u00f9ng.<br \/>\nS\u1ea3n ph\u1ea9m c\u00f3 \u0111\u1ebf g\u00e1c \u0111i\u1ec7n tho\u1ea1i.<br \/>\nL\u01b0\u1edbi v\u1ee3t \u0111\u01b0\u1ee3c thi\u1ebft k\u1ebf 3 l\u1edbp b\u1eb1ng kim lo\u1ea1i ch\u1ed1ng g\u1ec9<br \/>\nS\u1eed d\u1ee5ng pin lithium c\u00f3 \u0111\u1ed9 b\u1ec1n cao.<\/p>\n<p>c\u00f3 ch\u00e2n d\u1ef1ng \u0111\u1ee9ng c\u1ed1 \u0111\u1ecbnh l\u00e0m b\u1eaby thu h\u00fat mu\u1ed7i<\/p>\n","protected":false},"featured_media":29788,"comment_status":"open","ping_status":"closed","template":"","meta":[],"product_brand":[],"product_cat":[147],"product_tag":[],"class_list":{"0":"post-29787","1":"product","2":"type-product","3":"status-publish","4":"has-post-thumbnail","6":"product_cat-do-gia-dung","8":"first","9":"instock","10":"taxable","11":"shipping-taxable","12":"purchasable","13":"product-type-simple"},"_links":{"self":[{"href":"https:\/\/dienmaytuandat.com\/index.php\/wp-json\/wp\/v2\/product\/29787","targetHints":{"allow":["GET"]}}],"collection":[{"href":"https:\/\/dienmaytuandat.com\/index.php\/wp-json\/wp\/v2\/product"}],"about":[{"href":"https:\/\/dienmaytuandat.com\/index.php\/wp-json\/wp\/v2\/types\/product"}],"replies":[{"embeddable":true,"href":"https:\/\/dienmaytuandat.com\/index.php\/wp-json\/wp\/v2\/comments?post=29787"}],"version-history":[{"count":0,"href":"https:\/\/dienmaytuandat.com\/index.php\/wp-json\/wp\/v2\/product\/29787\/revisions"}],"wp:featuredmedia":[{"embeddable":true,"href":"https:\/\/dienmaytuandat.com\/index.php\/wp-json\/wp\/v2\/media\/29788"}],"wp:attachment":[{"href":"https:\/\/dienmaytuandat.com\/index.php\/wp-json\/wp\/v2\/media?parent=29787"}],"wp:term":[{"taxonomy":"product_brand","embeddable":true,"href":"https:\/\/dienmaytuandat.com\/index.php\/wp-json\/wp\/v2\/product_brand?post=29787"},{"taxonomy":"product_cat","embeddable":true,"href":"https:\/\/dienmaytuandat.com\/index.php\/wp-json\/wp\/v2\/product_cat?post=29787"},{"taxonomy":"product_tag","embeddable":true,"href":"https:\/\/dienmaytuandat.com\/index.php\/wp-json\/wp\/v2\/product_tag?post=29787"}],"curies":[{"name":"wp","href":"https:\/\/api.w.org\/{rel}","templated":true}]}}