{"id":29800,"date":"2024-08-03T10:53:36","date_gmt":"2024-08-03T10:53:36","guid":{"rendered":"https:\/\/dienmaytuandat.com\/?post_type=product&#038;p=29800"},"modified":"2024-10-09T00:49:22","modified_gmt":"2024-10-09T00:49:22","slug":"den-sac-dien-quang-dq-prl06","status":"publish","type":"product","link":"https:\/\/dienmaytuandat.com\/index.php\/san-pham\/den-sac-dien-quang-dq-prl06\/","title":{"rendered":"\u0110\u00e8n s\u1ea1c \u0110i\u1ec7n Quang \u0110Q PRL06"},"content":{"rendered":"<p>\u0110I\u1ec2M \u0110\u1eb6C BI\u1ec6T S\u1ea2N PH\u1ea8M:<\/p>\n<p>Th\u00e2n \u0111\u00e8n b\u1eb1ng nh\u1ef1a ABS<br \/>\nS\u1eed d\u1ee5ng chip LED hi\u1ec7u su\u1ea5t s\u00e1ng cao<br \/>\nKh\u1edfi \u0111\u1ed9ng t\u1ee9c th\u00ec, \u0111\u1ed9 s\u00e1ng cao, kh\u00f4ng nh\u1ea5p nh\u00e1y<br \/>\nCh\u1ec9 s\u1ed1 ho\u00e0n m\u00e0u (CRI) cao, cho m\u00e0u s\u1eafc trung th\u1ef1c<br \/>\nTi\u1ebft ki\u1ec7m \u0111i\u1ec7n<br \/>\nTu\u1ed5i th\u1ecd cao 30.000h<br \/>\nKh\u00f4ng ph\u00e1t ra tia c\u1ef1c t\u00edm, kh\u00f4ng ch\u1ee9a th\u1ee7y ng\u00e2n, th\u00e2n thi\u1ec7n v\u1edbi m\u00f4i tr\u01b0\u1eddng<br \/>\nTi\u1ec7n l\u1ee3i cho ng\u01b0\u1eddi s\u1eed d\u1ee5ng<img fetchpriority=\"high\" decoding=\"async\" class=\"alignnone size-medium wp-image-29804\" src=\"https:\/\/dienmaytuandat.com\/wp-content\/uploads\/2024\/08\/1000x1000__26__b1aa-m1-300x300.png\" alt=\"\" width=\"300\" height=\"300\" srcset=\"https:\/\/dienmaytuandat.com\/wp-content\/uploads\/2024\/08\/1000x1000__26__b1aa-m1-300x300.png 300w, https:\/\/dienmaytuandat.com\/wp-content\/uploads\/2024\/08\/1000x1000__26__b1aa-m1-800x800.png 800w, https:\/\/dienmaytuandat.com\/wp-content\/uploads\/2024\/08\/1000x1000__26__b1aa-m1-150x150.png 150w, https:\/\/dienmaytuandat.com\/wp-content\/uploads\/2024\/08\/1000x1000__26__b1aa-m1-768x768.png 768w, https:\/\/dienmaytuandat.com\/wp-content\/uploads\/2024\/08\/1000x1000__26__b1aa-m1-700x700.png 700w, https:\/\/dienmaytuandat.com\/wp-content\/uploads\/2024\/08\/1000x1000__26__b1aa-m1.png 1000w\" sizes=\"(max-width: 300px) 100vw, 300px\" \/><\/p>\n<p>\u0110\u00c8N S\u1ea0C LED \u0110I\u1ec6N QUANG \u2013 MANG \u00c1NH S\u00c1NG \u0110\u1ebeN M\u1eccI NH\u00c0<\/p>\n<p>Khi m\u1ea5t \u0111i\u1ec7n \u0111\u1ed9t ng\u1ed9t, c\u00e1c sinh ho\u1ea1t gia \u0111\u00ecnh b\u1ecb gi\u00e1n \u0111o\u1ea1n<\/p>\n<p>Khi \u0111i du l\u1ecbch, c\u1eafm tr\u1ea1i, leo n\u00fai, c\u1ea7n ngu\u1ed3n s\u00e1ng b\u1ec1n, kh\u00f4ng b\u1ecb t\u1eaft do m\u01b0a gi\u00f3 th\u1eddi ti\u1ebft<\/p>\n<p>Khi c\u1ea7n l\u00e0m vi\u1ec7c \u1edf \u0111i\u1ec1u ki\u1ec7n thi\u1ebfu s\u00e1ng nh\u01b0 ngo\u00e0i v\u01b0\u1eddn, ngo\u00e0i s\u00e2n, ngo\u00e0i ru\u1ed9ng l\u00fac tr\u1eddi t\u1ed1i.<\/p>\n<p>H\u00e3y s\u1edf h\u1eefu ngay cho m\u00ecnh m\u1ed9t chi\u1ebfc \u0111\u00e8n s\u1ea1c \u0111i\u1ec7n quang<\/p>\n","protected":false},"excerpt":{"rendered":"<p>H\u1ebft H\u00e0ng<\/p>\n<p>Th\u1eddi gian th\u1eafp s\u00e1ng li\u00ean t\u1ee5c trong 4 ti\u1ebfng<br \/>\nHai ch\u1ebf \u0111\u1ed9 \u00e1nh s\u00e1ng, d\u1ec5 d\u00e0ng \u0111i\u1ec1u ch\u1ec9nh \u0111\u1ed9 s\u00e1ng ho\u1eb7c t\u1ed1i d\u1ea7n c\u1ee7a \u0111\u00e8n<br \/>\nThi\u1ebft k\u1ebf tay c\u1ea7m nh\u1ecf g\u1ecdn, ch\u1eafc ch\u1eafn, r\u1ea5t ti\u1ec7n l\u1ee3i<br \/>\nChip Led si\u00eau s\u00e1ng v\u1edbi tu\u1ed5i th\u1ecd chip \u0111\u1ebfn 30.000h cho \u00e1nh s\u00e1ng tr\u1eafng r\u1ea5t t\u1ed1t cho vi\u1ec7c quan s\u00e1t, \u00e1nh s\u00e1ng \u0111\u1ec1u kh\u00f4ng nh\u1ea5p nh\u00e1y, kh\u00f4ng c\u00f3 tia c\u1ef1c t\u00edm, ch\u1ed1ng ch\u00f3i t\u1ed1i \u0111a nh\u1eb1m b\u1ea3o v\u1ec7 m\u1eaft<\/p>\n","protected":false},"featured_media":29801,"comment_status":"open","ping_status":"closed","template":"","meta":[],"product_brand":[],"product_cat":[147],"product_tag":[],"class_list":{"0":"post-29800","1":"product","2":"type-product","3":"status-publish","4":"has-post-thumbnail","6":"product_cat-do-gia-dung","8":"first","9":"instock","10":"taxable","11":"shipping-taxable","12":"purchasable","13":"product-type-simple"},"_links":{"self":[{"href":"https:\/\/dienmaytuandat.com\/index.php\/wp-json\/wp\/v2\/product\/29800","targetHints":{"allow":["GET"]}}],"collection":[{"href":"https:\/\/dienmaytuandat.com\/index.php\/wp-json\/wp\/v2\/product"}],"about":[{"href":"https:\/\/dienmaytuandat.com\/index.php\/wp-json\/wp\/v2\/types\/product"}],"replies":[{"embeddable":true,"href":"https:\/\/dienmaytuandat.com\/index.php\/wp-json\/wp\/v2\/comments?post=29800"}],"version-history":[{"count":3,"href":"https:\/\/dienmaytuandat.com\/index.php\/wp-json\/wp\/v2\/product\/29800\/revisions"}],"predecessor-version":[{"id":30497,"href":"https:\/\/dienmaytuandat.com\/index.php\/wp-json\/wp\/v2\/product\/29800\/revisions\/30497"}],"wp:featuredmedia":[{"embeddable":true,"href":"https:\/\/dienmaytuandat.com\/index.php\/wp-json\/wp\/v2\/media\/29801"}],"wp:attachment":[{"href":"https:\/\/dienmaytuandat.com\/index.php\/wp-json\/wp\/v2\/media?parent=29800"}],"wp:term":[{"taxonomy":"product_brand","embeddable":true,"href":"https:\/\/dienmaytuandat.com\/index.php\/wp-json\/wp\/v2\/product_brand?post=29800"},{"taxonomy":"product_cat","embeddable":true,"href":"https:\/\/dienmaytuandat.com\/index.php\/wp-json\/wp\/v2\/product_cat?post=29800"},{"taxonomy":"product_tag","embeddable":true,"href":"https:\/\/dienmaytuandat.com\/index.php\/wp-json\/wp\/v2\/product_tag?post=29800"}],"curies":[{"name":"wp","href":"https:\/\/api.w.org\/{rel}","templated":true}]}}