{"id":29814,"date":"2024-08-05T09:19:52","date_gmt":"2024-08-05T09:19:52","guid":{"rendered":"https:\/\/dienmaytuandat.com\/?post_type=product&#038;p=29814"},"modified":"2024-10-22T07:54:40","modified_gmt":"2024-10-22T07:54:40","slug":"tu-lanh-toshiba-inverter-411-lit-gr-rt559we-pmv","status":"publish","type":"product","link":"https:\/\/dienmaytuandat.com\/index.php\/san-pham\/tu-lanh-toshiba-inverter-411-lit-gr-rt559we-pmv\/","title":{"rendered":"T\u1ee7 L\u1ea1nh Toshiba inverter 411 l\u00edt GR-RT559WE-PMV"},"content":{"rendered":"","protected":false},"excerpt":{"rendered":"<p><span style=\"font-size: 14pt;\"><strong>\u0110\u1eb7c \u0110i\u1ec3m N\u1ed5i\u00a0 B\u1eadt <\/strong><\/span><\/p>\n<p><strong>C\u00f4ng ngh\u1ec7 Origin Inverter ti\u1ebft ki\u1ec7m<\/strong> \u0111i\u1ec7n t\u1ed1i \u01b0u, v\u1eadn h\u00e0nh \u00eam \u00e1i, b\u1ec1n b\u1ec9<br \/>\n<strong>C\u00f4ng ngh\u1ec7 Pure Bio kh\u1eed m\u00f9i<\/strong>, di\u1ec7t khu\u1ea9n hi\u1ec7u qu\u1ea3, b\u1ea3o v\u1ec7 s\u1ee9c kh\u1ecfe \u0103n u\u1ed1ng<br \/>\nH\u1ec7 th\u1ed1ng l\u00e0m l\u1ea1nh \u0111a chi\u1ec1u lu\u00e2n chuy\u1ec3n, ph\u00e2n b\u1ed5 lu\u1ed3ng h\u01a1i l\u1ea1nh r\u1ed9ng kh\u1eafp<br \/>\nNg\u0103n rau Origin Fresh 2 m\u1ee9c \u0111i\u1ec1u ch\u1ec9nh \u0111\u1ed9 \u1ea9m, b\u1ea3o qu\u1ea3n t\u1ed1t rau c\u1ee7 v\u00e0 tr\u00e1i c\u00e2y<br \/>\nB\u1ea3ng \u0111i\u1ec1u khi\u1ec3n \u0111i\u1ec7n t\u1eed d\u1ec5 d\u00e0ng \u0111i\u1ec1u ch\u1ec9nh nhi\u1ec7t \u0111\u1ed9 theo t\u1eebng nhu c\u1ea7u<br \/>\nK\u1ec7 k\u00ednh c\u01b0\u1eddng l\u1ef1c b\u1ec1n ch\u1eafc, ch\u1ecbu \u0111\u01b0\u1ee3c v\u1eadt n\u1eb7ng, c\u00f3 th\u1ec3 di chuy\u1ec3n linh ho\u1ea1t<br \/>\nT\u1ee7 l\u1ea1nh ng\u0103n \u0111\u00e1 tr\u00ean m\u00e0u X\u00e1m Maya hi\u1ec7n \u0111\u1ea1i, ph\u00f9 h\u1ee3p m\u1ecdi kh\u00f4ng gian<\/p>\n","protected":false},"featured_media":30561,"comment_status":"open","ping_status":"closed","template":"","meta":[],"product_brand":[],"product_cat":[20],"product_tag":[],"class_list":{"0":"post-29814","1":"product","2":"type-product","3":"status-publish","4":"has-post-thumbnail","6":"product_cat-tu-lanh","8":"first","9":"instock","10":"sale","11":"taxable","12":"shipping-taxable","13":"purchasable","14":"product-type-simple"},"_links":{"self":[{"href":"https:\/\/dienmaytuandat.com\/index.php\/wp-json\/wp\/v2\/product\/29814","targetHints":{"allow":["GET"]}}],"collection":[{"href":"https:\/\/dienmaytuandat.com\/index.php\/wp-json\/wp\/v2\/product"}],"about":[{"href":"https:\/\/dienmaytuandat.com\/index.php\/wp-json\/wp\/v2\/types\/product"}],"replies":[{"embeddable":true,"href":"https:\/\/dienmaytuandat.com\/index.php\/wp-json\/wp\/v2\/comments?post=29814"}],"version-history":[{"count":2,"href":"https:\/\/dienmaytuandat.com\/index.php\/wp-json\/wp\/v2\/product\/29814\/revisions"}],"predecessor-version":[{"id":30615,"href":"https:\/\/dienmaytuandat.com\/index.php\/wp-json\/wp\/v2\/product\/29814\/revisions\/30615"}],"wp:featuredmedia":[{"embeddable":true,"href":"https:\/\/dienmaytuandat.com\/index.php\/wp-json\/wp\/v2\/media\/30561"}],"wp:attachment":[{"href":"https:\/\/dienmaytuandat.com\/index.php\/wp-json\/wp\/v2\/media?parent=29814"}],"wp:term":[{"taxonomy":"product_brand","embeddable":true,"href":"https:\/\/dienmaytuandat.com\/index.php\/wp-json\/wp\/v2\/product_brand?post=29814"},{"taxonomy":"product_cat","embeddable":true,"href":"https:\/\/dienmaytuandat.com\/index.php\/wp-json\/wp\/v2\/product_cat?post=29814"},{"taxonomy":"product_tag","embeddable":true,"href":"https:\/\/dienmaytuandat.com\/index.php\/wp-json\/wp\/v2\/product_tag?post=29814"}],"curies":[{"name":"wp","href":"https:\/\/api.w.org\/{rel}","templated":true}]}}