{"id":29850,"date":"2024-08-06T10:32:04","date_gmt":"2024-08-06T10:32:04","guid":{"rendered":"https:\/\/dienmaytuandat.com\/?post_type=product&#038;p=29850"},"modified":"2024-08-30T08:41:18","modified_gmt":"2024-08-30T08:41:18","slug":"may-dun-sieu-toc-lorente-model-lt-3088","status":"publish","type":"product","link":"https:\/\/dienmaytuandat.com\/index.php\/san-pham\/may-dun-sieu-toc-lorente-model-lt-3088\/","title":{"rendered":"M\u00e1y \u0111un si\u00eau t\u1ed1c Lorente Model LT-3088"},"content":{"rendered":"<p>Thi\u1ebft k\u1ebf hi\u1ec7n \u0111\u1ea1i, t\u00edch ki\u1ec7m di\u1ec7n t\u00edch<br \/>\n\u1ea4m si\u00eau t\u1ed1c Lorente LT-3088 s\u1edf h\u1eefu ki\u1ec3u d\u00e1ng nh\u1ecf g\u1ecdn, \u0111\u01b0\u1eddng n\u00e9t b\u1eaft m\u1eaft t\u00f4ng m\u00e0u trang nh\u00e3 mang m\u00e0u s\u1eafc h\u00e0i h\u00f2a sang tr\u1ecdng t\u1ea1o \u1ea5n t\u01b0\u1ee3ng v\u1edbi ng\u01b0\u1eddi nh\u00ecn, t\u1ea1o \u0111i\u1ec3m nh\u1ea5n cho kh\u00f4ng gian s\u1eed d\u1ee5ng. Th\u00edch h\u1ee3p v\u1edbi nhi\u1ec1u ki\u1ec3u kh\u00f4ng gian b\u1ebfp kh\u00e1c nhau.<\/p>\n<p>\u1ea4m \u0111\u01b0\u1ee3c thi\u1ebft k\u1ebf n\u00fat g\u1ea1t tr\u00ean n\u1eafp \u1ea5m, m\u1edf \u1ea5m an to\u00e0n kh\u00f4ng b\u1ecb b\u1ecfng khi n\u01b0\u1edbc n\u00f3ng \u0111\u1ebfn l\u00fac k\u1ebft th\u00fac qu\u00e1 tr\u00ecnh \u0111un s\u00f4i n\u01b0\u1edbc, gi\u00fap d\u1ec5 d\u00e0ng n\u1eafm b\u1eaft t\u00ecnh tr\u1ea1ng ho\u1ea1t \u0111\u1ed9ng c\u1ee7a \u1ea5m si\u00eau t\u1ed1c.<\/p>\n<p>V\u1ecf bao b\u00ec thi\u1ebft k\u1ebf hi\u1ec7n \u0111\u1ea1i, c\u00e1n b\u00f3ng, c\u00f3 quai s\u00e1ch thu\u1eadn ti\u1ec7n cho vi\u1ec7c c\u1ea7m n\u1eafm, di chuy\u1ec3n khi b\u00e1n l\u1ebb.<\/p>\n<p>C\u00f4ng su\u1ea5t v\u00e0 dung t\u00edch<br \/>\n\u1ea4m Si\u00eau T\u1ed1c Lorente LT-3088 (2.0 l\u00edt) ho\u1ea1t \u0111\u1ed9ng v\u1edbi m\u00e2m nhi\u1ec7t c\u00f4ng su\u1ea5t l\u00ean \u0111\u1ebfn 1500W gi\u00fap \u0111un s\u00f4i n\u01b0\u1edbc ch\u1ec9 trong v\u00e0i ph\u00fat. Kh\u00f4ng c\u1ea7n m\u1ea5t nhi\u1ec1u th\u1eddi gian ch\u1edd \u0111\u1ee3i m\u00e0 s\u1ebd nhanh ch\u00f3ng c\u00f3 ngay b\u00ecnh n\u01b0\u1edbc n\u00f3ng \u0111\u1ec3 s\u1eed d\u1ee5ng. Dung t\u00edch 2.0 L ph\u1ed5 bi\u1ebfn, ph\u00f9 h\u1ee3p h\u1ea7u h\u1ebft v\u1edbi c\u00e1c gia \u0111\u00ecnh hi\u1ec7n nay.<\/p>\n<p>Ch\u1ea5t li\u1ec7u cao c\u1ea5p<br \/>\n\u1ea4m c\u00f3 Ru\u1ed9t inox cao c\u1ea5p, v\u1ecf nh\u1ef1a ABS v\u1edbi kh\u1ea3 n\u0103ng ch\u1ecbu nhi\u1ec7t t\u1ed1t v\u00e0 mang l\u1ea1i v\u1ebb s\u00e1ng b\u00f3ng \u0111\u1eb9p m\u1eaft, kh\u00f4ng g\u00e2y \u0111\u1ed9c h\u1ea1i cho ng\u01b0\u1eddi ti\u00eau d\u00f9ng, ch\u1ed1ng b\u00e1m c\u1eb7n mang l\u1ea1i v\u1ebb s\u00e1ng b\u00f3ng cho s\u1ea3n ph\u1ea9m..<\/p>\n<p>\u0110\u00e8n LED b\u00e1o s\u00e1ng: \u0110\u00e8n LED s\u1ebd b\u00e1o s\u00e1ng t\u1eeb khi b\u1eaft \u0111\u1ea7u \u0111un n\u01b0\u1edbc.<\/p>\n<p>An to\u00e0n khi s\u1eed d\u1ee5ng<br \/>\n\u1ea4m si\u00eau t\u1ed1c s\u1eed d\u1ee5ng \u0111\u1ebf ti\u1ebfp \u0111i\u1ec7n r\u1eddi xoay 360\u00b0, m\u00e2m nhi\u1ec7t \u1ea9n, an to\u00e0n v\u00e0 ti\u1ec7n d\u1ee5ng h\u01a1n so v\u1edbi \u1ea5m s\u1eed d\u1ee5ng s\u1ee3i \u0111\u1ed1t. B\u1ed9 ph\u1eadn c\u1ea3m \u1ee9ng nhi\u1ec7t c\u1ef1c nh\u1ea1y s\u1ebd t\u1ef1 \u0111\u1ed9ng ng\u1eaft \u0111i\u1ec7n khi n\u01b0\u1edbc s\u00f4i gi\u00fap ch\u1ed1ng tr\u00e0o n\u01b0\u1edbc, c\u1ea1n n\u01b0\u1edbc, b\u1ea3o \u0111\u1ea3m \u0111\u1ed9 b\u1ec1n cho s\u1ea3n ph\u1ea9m v\u00e0 ph\u00f2ng tr\u00e1nh ch\u00e1y n\u1ed5.<\/p>\n<p>C\u00f4ng t\u1eafc tr\u00ean tay c\u1ea7m thu\u1eadn ti\u1ec7n cho thao t\u00e1c t\u1eaft m\u1edf.<\/p>\n<p>N\u1eafp \u1ea5m \u0111\u01b0\u1ee3c thi\u1ebft k\u1ebf th\u00f4ng minh gi\u00fap cho vi\u1ec7c \u0111\u00f3ng m\u1edf tr\u1edf n\u00ean d\u1ec5 d\u00e0ng.<\/p>\n<p>T\u00ednh n\u0103ng n\u1ed5i b\u1eadt<br \/>\nThi\u1ebft k\u1ebf 2 l\u1edbp ch\u1ed1ng n\u00f3ng, Tr\u00e1nh b\u1ecfng, kh\u00f4ng nh\u01b0 nh\u1eefng lo\u1ea1i \u1ea5m th\u00f4ng th\u01b0\u1eddng.<\/p>\n<p>L\u1edbp b\u00ean ngo\u00e0i \u0111\u01b0\u1ee3c l\u00e0m b\u1eb1ng nh\u1ef1a ABS ch\u1ecbu nhi\u1ec7t, l\u1edbp b\u00ean trong ( Th\u00e2n v\u00e0 n\u1eafp ) \u0111\u1ec1u \u0111\u01b0\u1ee3c l\u00e0m b\u1eb1ng Inox 304 an to\u00e0n cho s\u1ee9c kh\u1ecfe.<\/p>\n<p>\u1ea4m \u0111\u01b0\u1ee3c trang b\u1ecb Z\u01a1le k\u00e9p, ch\u1ed1ng qu\u00e1 t\u1ea3i. M\u00e2m nhi\u1ec7t \u0111\u01b0\u1ee3c b\u1ea3o v\u1ec7 t\u1ed1i \u0111a.<\/p>\n","protected":false},"excerpt":{"rendered":"<p>Thi\u1ebft k\u1ebf hi\u1ec7n \u0111\u1ea1i, t\u00edch ki\u1ec7m di\u1ec7n t\u00edch \u1ea4m si\u00eau t\u1ed1c Lorente LT-3088 s\u1edf h\u1eefu ki\u1ec3u d\u00e1ng nh\u1ecf g\u1ecdn, \u0111\u01b0\u1eddng<\/p>\n","protected":false},"featured_media":29851,"comment_status":"open","ping_status":"closed","template":"","meta":[],"product_brand":[],"product_cat":[147],"product_tag":[],"class_list":{"0":"post-29850","1":"product","2":"type-product","3":"status-publish","4":"has-post-thumbnail","6":"product_cat-do-gia-dung","8":"first","9":"instock","10":"taxable","11":"shipping-taxable","12":"product-type-simple"},"_links":{"self":[{"href":"https:\/\/dienmaytuandat.com\/index.php\/wp-json\/wp\/v2\/product\/29850","targetHints":{"allow":["GET"]}}],"collection":[{"href":"https:\/\/dienmaytuandat.com\/index.php\/wp-json\/wp\/v2\/product"}],"about":[{"href":"https:\/\/dienmaytuandat.com\/index.php\/wp-json\/wp\/v2\/types\/product"}],"replies":[{"embeddable":true,"href":"https:\/\/dienmaytuandat.com\/index.php\/wp-json\/wp\/v2\/comments?post=29850"}],"version-history":[{"count":0,"href":"https:\/\/dienmaytuandat.com\/index.php\/wp-json\/wp\/v2\/product\/29850\/revisions"}],"wp:featuredmedia":[{"embeddable":true,"href":"https:\/\/dienmaytuandat.com\/index.php\/wp-json\/wp\/v2\/media\/29851"}],"wp:attachment":[{"href":"https:\/\/dienmaytuandat.com\/index.php\/wp-json\/wp\/v2\/media?parent=29850"}],"wp:term":[{"taxonomy":"product_brand","embeddable":true,"href":"https:\/\/dienmaytuandat.com\/index.php\/wp-json\/wp\/v2\/product_brand?post=29850"},{"taxonomy":"product_cat","embeddable":true,"href":"https:\/\/dienmaytuandat.com\/index.php\/wp-json\/wp\/v2\/product_cat?post=29850"},{"taxonomy":"product_tag","embeddable":true,"href":"https:\/\/dienmaytuandat.com\/index.php\/wp-json\/wp\/v2\/product_tag?post=29850"}],"curies":[{"name":"wp","href":"https:\/\/api.w.org\/{rel}","templated":true}]}}