{"id":29863,"date":"2024-08-06T12:28:48","date_gmt":"2024-08-06T12:28:48","guid":{"rendered":"https:\/\/dienmaytuandat.com\/?post_type=product&#038;p=29863"},"modified":"2024-08-06T12:28:48","modified_gmt":"2024-08-06T12:28:48","slug":"bong-den-led-bulb-50w-mpe","status":"publish","type":"product","link":"https:\/\/dienmaytuandat.com\/index.php\/san-pham\/bong-den-led-bulb-50w-mpe\/","title":{"rendered":"B\u00f3ng \u0111\u00e8n led bulb 50W MPE"},"content":{"rendered":"<p>M\u00e3 s\u1ea3n ph\u1ea9m: LBD-50T &#8211; d\u00f2ng s\u1ea3n ph\u1ea9m ch\u1ed1ng \u1ea9m v\u1edbi \u0111\u1eb7c t\u00ednh Si\u00eau b\u1ec1n &#8211; Si\u00eau s\u00e1ng &#8211; Si\u00eau ti\u1ebft ki\u1ec7m<\/p>\n<p>LBD3 l\u00e0 s\u1ea3n ph\u1ea9m c\u1ea3i ti\u1ebfn c\u1ee7a MPE cho d\u00f2ng LED Bulb tr\u1ee5 ch\u1ed1ng \u1ea9m v\u1edbi c\u00e1c t\u00ednh n\u0103ng \u01b0u vi\u1ec7t, \u0111\u1ed9t ph\u00e1 h\u01a1n so v\u1edbi c\u00e1c d\u00f2ng tr\u00ean th\u1ecb tr\u01b0\u1eddng:<\/p>\n<p>SI\u00caU S\u00c1NG &#8211; SI\u00caU B\u1ec0N &#8211; SI\u00caU TI\u1ebeT KI\u1ec6M<\/p>\n<p>Si\u00eau b\u1ec1n : tu\u1ed5i th\u1ecd b\u00f3ng \u0111\u1ebfn 30.000 Gi\u1edd<\/p>\n<p>Si\u00eau s\u00e1ng: quang th\u00f4ng \u0111\u1ebfn 5000lm,(t\u0103ng t\u1eeb 5000lm l\u00ean 6000lm so v\u1edbi c\u00e1c lo\u1ea1i kh\u00e1c tr\u00ean th\u1ecb tr\u01b0\u1eddng)Si\u00eau ti\u1ebft ki\u1ec7m: \u0111i\u1ec7n n\u0103ng ti\u00eau th\u1ee5 ch\u1ec9 50W nh\u01b0ng hi\u1ec7u su\u1ea5t chi\u1ebfu s\u00e1ng l\u00ean 120lm\/w (c\u00e1c d\u00f2ng s\u1ea3n ph\u1ea9m c\u00f9ng lo\u1ea1i tr\u00ean th\u1ecb tr\u01b0\u1eddng hi\u1ec7u su\u1ea5t chi\u1ebfu s\u00e1ng ch\u1ec9 100lm\/w, nh\u01b0ng v\u1edbi LBD3 hi\u1ec7u su\u1ea5t chi\u1ebfu s\u00e1ng l\u00ean \u0111\u1ebfn 120lm\/w)<\/p>\n<p>B\u00f3ng \u0111\u00e8n \u0111\u01b0\u1ee3c t\u00edch h\u1ee3p v\u1edbi body k\u00edn \u0111\u1ec3 ch\u1ed1ng \u1ea9m, ch\u1ed1ng b\u1ee5i<\/p>\n","protected":false},"excerpt":{"rendered":"<p>Quang th\u00f4ng: 6000Lm<\/p>\n<p>Tu\u1ed5i th\u1ecd b\u00f3ng: 30.000 Gi\u1edd<\/p>\n<p>Nhi\u1ec7t \u0111\u1ed9 m\u00e0u (CCT): 6000-6500K<\/p>\n<p>&nbsp;<\/p>\n<p>M\u00e0u \u00e1nh s\u00e1ng: \u00c1nh s\u00e1ng tr\u1eafng<\/p>\n<p>\u00c1nh s\u00e1ng li\u00ean t\u1ee5c, t\u1ed1t cho th\u1ecb l\u1ef1c<\/p>\n<p>Ti\u00eau chu\u1ea9n ch\u00e2u \u00c2u CE &#8211; RoHS<\/p>\n<p>\u0110i\u1ec7n \u00e1p: 175-265VAC<\/p>\n<p>\u0110ui \u0111\u00e8n: E27<\/p>\n<p>RA (ch\u1ec9 s\u1ed1 ho\u00e0n m\u00e0u) &gt;80<\/p>\n<p>H\u1ec7 s\u1ed1 c\u00f4ng su\u1ea5t (PF): 0.5<\/p>\n<p>Instant Light: 0s<\/p>\n<p>K\u00edch th\u01b0\u1edbc: \u00d8138 x 260mm<\/p>\n","protected":false},"featured_media":29864,"comment_status":"open","ping_status":"closed","template":"","meta":[],"product_brand":[],"product_cat":[147],"product_tag":[],"class_list":{"0":"post-29863","1":"product","2":"type-product","3":"status-publish","4":"has-post-thumbnail","6":"product_cat-do-gia-dung","8":"first","9":"instock","10":"taxable","11":"shipping-taxable","12":"purchasable","13":"product-type-simple"},"_links":{"self":[{"href":"https:\/\/dienmaytuandat.com\/index.php\/wp-json\/wp\/v2\/product\/29863","targetHints":{"allow":["GET"]}}],"collection":[{"href":"https:\/\/dienmaytuandat.com\/index.php\/wp-json\/wp\/v2\/product"}],"about":[{"href":"https:\/\/dienmaytuandat.com\/index.php\/wp-json\/wp\/v2\/types\/product"}],"replies":[{"embeddable":true,"href":"https:\/\/dienmaytuandat.com\/index.php\/wp-json\/wp\/v2\/comments?post=29863"}],"version-history":[{"count":0,"href":"https:\/\/dienmaytuandat.com\/index.php\/wp-json\/wp\/v2\/product\/29863\/revisions"}],"wp:featuredmedia":[{"embeddable":true,"href":"https:\/\/dienmaytuandat.com\/index.php\/wp-json\/wp\/v2\/media\/29864"}],"wp:attachment":[{"href":"https:\/\/dienmaytuandat.com\/index.php\/wp-json\/wp\/v2\/media?parent=29863"}],"wp:term":[{"taxonomy":"product_brand","embeddable":true,"href":"https:\/\/dienmaytuandat.com\/index.php\/wp-json\/wp\/v2\/product_brand?post=29863"},{"taxonomy":"product_cat","embeddable":true,"href":"https:\/\/dienmaytuandat.com\/index.php\/wp-json\/wp\/v2\/product_cat?post=29863"},{"taxonomy":"product_tag","embeddable":true,"href":"https:\/\/dienmaytuandat.com\/index.php\/wp-json\/wp\/v2\/product_tag?post=29863"}],"curies":[{"name":"wp","href":"https:\/\/api.w.org\/{rel}","templated":true}]}}