{"id":29886,"date":"2024-08-07T02:20:12","date_gmt":"2024-08-07T02:20:12","guid":{"rendered":"https:\/\/dienmaytuandat.com\/?post_type=product&#038;p=29886"},"modified":"2024-10-17T09:42:00","modified_gmt":"2024-10-17T09:42:00","slug":"may-ep-trai-cay-gali-model-gl-7022","status":"publish","type":"product","link":"https:\/\/dienmaytuandat.com\/index.php\/san-pham\/may-ep-trai-cay-gali-model-gl-7022\/","title":{"rendered":"M\u00e1y \u00e9p tr\u00e1i c\u00e2y Gali Model: GL-7022"},"content":{"rendered":"","protected":false},"excerpt":{"rendered":"<p><span style=\"font-size: 14pt;\"><strong>\u0110\u1eb7c \u0111i\u1ec3m m\u00e1y \u00e9p tr\u00e1i c\u00e2y GL-7022<\/strong><\/span><\/p>\n<p>D\u00f9ng cho gia \u0111\u00ecnh, \u0111\u1ecba \u0111i\u1ec3m kinh doanh \u0111\u1ed3 u\u1ed1ng, nh\u00e0 tr\u01b0\u1eddng, qu\u00e1n \u0103n\u2026<br \/>\n\u0110i\u1ec7n \u00e1p 220v\/50Hz\/800w, Motor v\u00e0 d\u00e2y d\u1eabn \u0111i\u1ec7n 100% b\u1eb1ng d\u00e2y \u0111\u1ed3ng gi\u00fap gia t\u0103ng tu\u1ed5i th\u1ecd s\u1ea3n ph\u1ea9m.<br \/>\nMi\u1ec7ng ti\u1ebfp li\u1ec7u l\u1edbn (85mm), \u00e9p nguy\u00ean tr\u00e1i.<br \/>\nLy \u0111\u1ef1ng n\u01b0\u1edbc \u00e9p dung t\u00edch 0.7 l\u00edt, ly h\u1ee9ng x\u00e1c dung t\u00edch 1.7 l\u00edt<br \/>\nTh\u00e2n m\u00e1y c\u1ea5u t\u1ea1o 02 l\u1edbp: ph\u00eda trong b\u1eb1ng nh\u1ef1a, ngo\u00e0i inox sang tr\u1ecdng.<br \/>\nL\u01b0\u1edbi \u00e9p inox 304, ly h\u1ee9ng, n\u1eafp ch\u1ee5p b\u1eb1ng nh\u1ef1a nguy\u00ean sinh an to\u00e0n cho s\u1ee9c kh\u1ecfe.<br \/>\nCh\u1ecdn ch\u1ee9c n\u0103ng b\u1eb1ng n\u00fat nh\u1ea5n ti\u1ec7n l\u1ee3i khi d\u00f9ng.<br \/>\nM\u1ea1ch b\u1ea3o v\u1ec7 v\u1ec1 nhi\u1ec7t v\u00e0 \u0111i\u1ec7n gi\u00fap an to\u00e0n khi s\u1eed d\u1ee5ng.<br \/>\nK\u00edch th\u01b0\u1edbc \u0111\u00f3ng g\u00f3i: 41x28x45 (cm)<br \/>\nS\u1ea3n ph\u1ea9m \u0111\u1ea1t ch\u1ea5t l\u01b0\u1ee3ng h\u00e0ng nh\u1eadp kh\u1ea9u tem h\u1ee3p quy CR.<br \/>\nS\u1ea3n ph\u1ea9m bao g\u1ed3m: Th\u00e2n m\u00e1y, l\u01b0\u1edbi \u00e9p, n\u1eafp ch\u1ee5p, ly h\u1ee9ng x\u00e1c,h\u1ee9ng n\u01b0\u1edbc, m\u00e1ng n\u01b0\u1edbc, c\u00e2y \u00e9p, Phi\u1ebfu b\u1ea3o h\u00e0nh 12 th\u00e1ng, HDSD s\u1ea3n ph\u1ea9m.<\/p>\n","protected":false},"featured_media":29888,"comment_status":"open","ping_status":"closed","template":"","meta":[],"product_brand":[],"product_cat":[147],"product_tag":[],"class_list":{"0":"post-29886","1":"product","2":"type-product","3":"status-publish","4":"has-post-thumbnail","6":"product_cat-do-gia-dung","8":"first","9":"instock","10":"sale","11":"taxable","12":"shipping-taxable","13":"purchasable","14":"product-type-simple"},"_links":{"self":[{"href":"https:\/\/dienmaytuandat.com\/index.php\/wp-json\/wp\/v2\/product\/29886","targetHints":{"allow":["GET"]}}],"collection":[{"href":"https:\/\/dienmaytuandat.com\/index.php\/wp-json\/wp\/v2\/product"}],"about":[{"href":"https:\/\/dienmaytuandat.com\/index.php\/wp-json\/wp\/v2\/types\/product"}],"replies":[{"embeddable":true,"href":"https:\/\/dienmaytuandat.com\/index.php\/wp-json\/wp\/v2\/comments?post=29886"}],"version-history":[{"count":2,"href":"https:\/\/dienmaytuandat.com\/index.php\/wp-json\/wp\/v2\/product\/29886\/revisions"}],"predecessor-version":[{"id":30589,"href":"https:\/\/dienmaytuandat.com\/index.php\/wp-json\/wp\/v2\/product\/29886\/revisions\/30589"}],"wp:featuredmedia":[{"embeddable":true,"href":"https:\/\/dienmaytuandat.com\/index.php\/wp-json\/wp\/v2\/media\/29888"}],"wp:attachment":[{"href":"https:\/\/dienmaytuandat.com\/index.php\/wp-json\/wp\/v2\/media?parent=29886"}],"wp:term":[{"taxonomy":"product_brand","embeddable":true,"href":"https:\/\/dienmaytuandat.com\/index.php\/wp-json\/wp\/v2\/product_brand?post=29886"},{"taxonomy":"product_cat","embeddable":true,"href":"https:\/\/dienmaytuandat.com\/index.php\/wp-json\/wp\/v2\/product_cat?post=29886"},{"taxonomy":"product_tag","embeddable":true,"href":"https:\/\/dienmaytuandat.com\/index.php\/wp-json\/wp\/v2\/product_tag?post=29886"}],"curies":[{"name":"wp","href":"https:\/\/api.w.org\/{rel}","templated":true}]}}