{"id":30125,"date":"2024-10-02T03:39:10","date_gmt":"2024-10-02T03:39:10","guid":{"rendered":"https:\/\/dienmaytuandat.com\/?post_type=product&#038;p=30125"},"modified":"2024-10-13T11:29:48","modified_gmt":"2024-10-13T11:29:48","slug":"may-giat-toshiba-9kg-aw-m1000fvmk","status":"publish","type":"product","link":"https:\/\/dienmaytuandat.com\/index.php\/san-pham\/may-giat-toshiba-9kg-aw-m1000fvmk\/","title":{"rendered":"M\u00e1y gi\u1eb7t Toshiba 9kg AW-M1000FV(MK)"},"content":{"rendered":"<p>M\u00e1y gi\u1eb7t Toshiba c\u1eeda tr\u00ean thi\u1ebft k\u1ebf sang tr\u1ecdng, nhi\u1ec1u ti\u1ec7n \u00edch b\u00ean trong<br \/>\nM\u00e1y gi\u1eb7t Toshiba 9 kg AW-M1000FV(MK) l\u00e0 d\u00f2ng m\u00e1y gi\u1eb7t c\u1eeda tr\u00ean v\u1edbi m\u00e0u s\u1eafc trang nh\u00e3, thi\u1ebft k\u1ebf v\u1ecf m\u00e1y kim lo\u1ea1i s\u01a1n t\u0129nh \u0111i\u1ec7n v\u1eeba sang tr\u1ecdng, v\u1eeba b\u1ec1n ch\u1eafc, h\u1ea1n ch\u1ebf tr\u1ea7y x\u01b0\u1edbc d\u1ec5 v\u1ec7 sinh. M\u00e1y c\u00f3 kh\u1ed1i l\u01b0\u1ee3ng gi\u1eb7t 9 kg, th\u00edch h\u1ee3p gia \u0111\u00ecnh c\u00f3 t\u1eeb 3 &#8211; 4 th\u00e0nh vi\u00ean.<\/p>\n<p>Kh\u00f4ng ch\u1ec9 \u0111\u1eb9p b\u00ean ngo\u00e0i, m\u00e0 m\u00e1y gi\u1eb7t Toshiba c\u00f2n \u1ee9ng d\u1ee5ng h\u00e0ng lo\u1ea1t c\u00f4ng ngh\u1ec7 ti\u00ean ti\u1ebfn b\u00ean trong nh\u01b0: c\u00f4ng ngh\u1ec7 Greatwaves gi\u1eb7t si\u00eau s\u1ea1ch, ch\u1ebf \u0111\u1ed9 Fuzzy logic t\u1ef1 \u0111\u1ed9ng c\u00e2n ch\u1ec9nh l\u01b0\u1ee3ng n\u01b0\u1edbc, ch\u1ebf \u0111\u1ed9 I-CLEAN t\u1ef1 \u0111\u1ed9ng v\u1ec7 sinh l\u1ed3ng gi\u1eb7t,&#8230; \u0110\u00e2y h\u1ee9a h\u1eb9n l\u00e0 \u201ctr\u1ee3 th\u1ee7\u201d \u0111\u1eafc l\u1ef1c gi\u00fap ch\u1ecb em n\u1ed9i tr\u1ee3 ti\u1ebft ki\u1ec7m th\u1eddi gian v\u00e0 c\u00f4ng s\u1ee9c trong c\u00f4ng vi\u1ec7c gi\u1eb7t gi\u0169 n\u1eb7ng nh\u1ecdc h\u00e0ng ng\u00e0y.<\/p>\n<p>N\u1eafp k\u00ednh c\u01b0\u1eddng l\u1ef1c h\u1ed7 tr\u1ee3 \u0111\u00f3ng ch\u1eadm, \u0111\u1ea3m b\u1ea3o an to\u00e0n<br \/>\nV\u1edbi c\u1ea5u tr\u00fac b\u1ea3n l\u1ec1 \u0111\u1eb7c bi\u1ec7t, n\u1eafp m\u00e1y gi\u1eb7t Toshiba AW-M1000FV(MK) \u0111\u1ea3m b\u1ea3o kh\u1ea3 n\u0103ng \u0111\u00f3ng ch\u1eadm thay v\u00ec \u0111\u00f3ng s\u1eadp m\u1ea1nh \u0111\u1ed9t ng\u1ed9t, gi\u1ea3m thi\u1ec3u r\u1ee7i ro nguy hi\u1ec3m cho ng\u01b0\u1eddi d\u00f9ng.<\/p>\n<p>N\u1eafp l\u1ed3ng gi\u1eb7t c\u00f2n \u0111\u01b0\u1ee3c ch\u1ebf t\u1ea1o t\u1eeb k\u00ednh c\u01b0\u1eddng l\u1ef1c si\u00eau b\u1ec1n, \u0111\u1ea3m b\u1ea3o \u0111\u1ed9 b\u1ec1n v\u1eefng qua th\u1eddi gian. Ch\u1ea5t li\u1ec7u v\u00e2n l\u1ee5a \u0111\u01b0\u1ee3c s\u1eed d\u1ee5ng nh\u1eb1m ng\u0103n ch\u1eb7n t\u00ecnh tr\u1ea1ng n\u01b0\u1edbc b\u00e1m v\u00e0o b\u1ec1 m\u1eb7t b\u00ean trong v\u00e0 tr\u00e1nh v\u1ebft tay b\u00e1m l\u00ean b\u1ec1 m\u1eb7t ngo\u00e0i c\u1ee7a k\u00ednh.<\/p>\n<p>M\u00e1y gi\u1eb7t Toshiba 9 kg AW-M1000FV(MK) C\u00f4ng ngh\u1ec7 Greatwaves gi\u1eb7t si\u00eau s\u1ea1ch<br \/>\nC\u00f4ng ngh\u1ec7 Greatwaves gi\u1eb7t si\u00eau s\u1ea1ch<br \/>\nM\u00e1y gi\u1eb7t t\u00edch h\u1ee3p C\u00f4ng ngh\u1ec7 Greatwaves v\u1edbi h\u1ec7 th\u1ed1ng 3 th\u00e1c n\u01b0\u1edbc ho\u1ea1t \u0111\u1ed9ng m\u1ea1nh m\u1ebd c\u00f9ng v\u1edbi nh\u1eefng tia n\u01b0\u1edbc \u0111\u01b0\u1ee3c t\u1ea1o ra t\u1eeb l\u1ed7 phun n\u01b0\u1edbc. S\u1ef1 k\u1ebft h\u1ee3p n\u00e0y t\u1ea1o ra 3 lu\u1ed3ng n\u01b0\u1edbc c\u1ef1c m\u1ea1nh, gi\u00fap lo\u1ea1i b\u1ecf m\u1ecdi v\u1ebft b\u1ea9n c\u1ee9ng \u0111\u1ea7u v\u00e0 mang l\u1ea1i hi\u1ec7u qu\u1ea3 gi\u1eb7t t\u1ed1i \u01b0u gi\u00fap cho qu\u1ea7n \u00e1o sau khi gi\u1eb7t \u0111\u01b0\u1ee3c s\u1ea1ch s\u1ebd v\u00e0 th\u01a1m m\u00e1t.<br \/>\nCh\u1ebf \u0111\u1ed9 Fuzzy Logic, t\u1ef1 \u0111\u1ed9ng c\u00e2n ch\u1ec9nh l\u01b0\u1ee3ng n\u01b0\u1edbc gi\u1eb7t<br \/>\nM\u00e1y gi\u1eb7t h\u1ed7 tr\u1ee3 t\u1ed1i \u01b0u h\u00f3a chi ph\u00ed sinh ho\u1ea1t, mang l\u1ea1i s\u1ef1 an t\u00e2m cho gia \u0111\u00ecnh trong qu\u00e1 tr\u00ecnh s\u1eed d\u1ee5ng nh\u1edd trang b\u1ecb ch\u1ebf \u0111\u1ed9 Fuzzy Logic c\u00f3 kh\u1ea3 n\u0103ng t\u1ef1 \u0111\u1ed9ng \u0111i\u1ec1u ch\u1ec9nh m\u1ee9c n\u01b0\u1edbc d\u1ef1a v\u00e0o tr\u1ecdng l\u01b0\u1ee3ng qu\u1ea7n \u00e1o trong l\u1ed3ng gi\u1eb7t, gi\u00fap ti\u1ebft ki\u1ec7m t\u1ed1i \u0111a n\u0103ng l\u01b0\u1ee3ng v\u00e0 ngu\u1ed3n n\u01b0\u1edbc.<br \/>\nM\u00e1y gi\u1eb7t Toshiba 9 kg AW-M1000FV(MK) l\u1ed3ng gi\u1eb7t ng\u00f4i sao pha l\u00ea<br \/>\nL\u1ed3ng gi\u1eb7t ng\u00f4i sao pha l\u00ea h\u1ea1n ch\u1ebf ma s\u00e1t, b\u1ea3o v\u1ec7 qu\u1ea7n \u00e1o<br \/>\nM\u00e1y gi\u1eb7t Toshiba AW-M1000FV(MK) thi\u1ebft k\u1ebf m\u00e2m gi\u1eb7t v\u1edbi 864 l\u1ed7 d\u1eabn n\u01b0\u1edbc ph\u00e2n b\u1ed1 \u0111\u1ec1u kh\u1eafp l\u1ed3ng gi\u1eb7t, t\u1ea1o ra t\u00e1c \u0111\u1ed9ng nh\u1eb9 nh\u00e0ng l\u00ean qu\u1ea7n \u00e1o m\u00e0 kh\u00f4ng g\u00e2y va ch\u1ea1m v\u00e0o m\u00e2m gi\u1eb7t.<\/p>\n<p>L\u1ed3ng gi\u1eb7t c\u00f3 h\u00ecnh d\u1ea1ng ng\u00f4i sao pha l\u00ea, v\u1edbi nh\u1eefng g\u1edd n\u1ed5i h\u00ecnh ng\u00f4i sao, kh\u00f4ng ch\u1ec9 gi\u00fap qu\u1ea7n \u00e1o \u0111\u01b0\u1ee3c gi\u1eb7t s\u1ea1ch m\u00e0 c\u00f2n gi\u1ea3m ma s\u00e1t, ch\u1ed1ng s\u1eddn v\u1ea3i. Nh\u1edd \u0111\u00f3, qu\u1ea7n \u00e1o \u0111\u01b0\u1ee3c b\u1ea3o v\u1ec7 m\u1ed9t c\u00e1ch t\u1ed1i \u01b0u trong su\u1ed1t qu\u00e1 tr\u00ecnh gi\u1eb7t.<\/p>\n<p>T\u1ef1 \u0111\u1ed9ng v\u1ec7 sinh l\u1ed3ng gi\u1eb7t, b\u1ea3o v\u1ec7 s\u1ee9c kh\u1ecfe<br \/>\nKhi k\u00edch ho\u1ea1t ch\u1ebf \u0111\u1ed9 Greatwaves, l\u1ed3ng gi\u1eb7t s\u1ebd t\u1ef1 \u0111\u1ed9ng \u0111\u01b0\u1ee3c l\u00e0m s\u1ea1ch sau m\u1ed7i chu tr\u00ecnh gi\u1eb7t v\u1edbi t\u00ednh n\u0103ng I-CLEAN. Theo \u0111\u00f3, m\u00e1y s\u1ebd gi\u1eef l\u1ea1i 1\/4 l\u01b0\u1ee3ng n\u01b0\u1edbc \u1edf cu\u1ed1i m\u1ed7i chu tr\u00ecnh gi\u1eb7t. K\u1ebft h\u1ee3p c\u1ee7a chuy\u1ec3n \u0111\u1ed9ng xoay nhanh c\u1ee7a l\u1ed3ng gi\u1eb7t v\u00e0 m\u00e2m gi\u1eb7t, t\u1ea1o ra m\u1ed9t lu\u1ed3ng n\u01b0\u1edbc \u00e1p l\u1ef1c cao \u0111\u1ec3 lo\u1ea1i b\u1ecf m\u1ea3ng b\u00e1m b\u00ean ngo\u00e0i l\u1ed3ng gi\u1eb7t. Ch\u00fang kh\u00f4ng ch\u1ec9 gi\u00fap m\u00e1y gi\u1eb7t ho\u1ea1t \u0111\u1ed9ng b\u1ec1n b\u1ec9, m\u00e0 c\u00f2n ti\u1ebft ki\u1ec7m th\u1eddi gian v\u00e0 b\u1ea3o v\u1ec7 s\u1ee9c kh\u1ecfe cho gia \u0111\u00ecnh b\u1ea1n.<\/p>\n","protected":false},"excerpt":{"rendered":"<p>\u0110\u1eb7c \u0110i\u1ec3m N\u1ed5i B\u1eadt<\/p>\n<p><strong>M\u00e1y gi\u1eb7t Toshiba<\/strong> thi\u1ebft k\u1ebf sang tr\u1ecdng, h\u00f2a h\u1ee3p m\u1ecdi lo\u1ea1i n\u1ed9i th\u1ea5t<br \/>\nC\u1eeda m\u00e1y gi\u1eb7t ch\u1ea5t li\u1ec7u k\u00ednh c\u01b0\u1eddng l\u1ef1c, h\u1ed7 tr\u1ee3 \u0111\u00f3ng ch\u1eadm an to\u00e0n<br \/>\nTrang b\u1ecb \u0111\u1ed9ng c\u01a1 nam ch\u00e2m v\u0129nh c\u1eedu, b\u1ec1n b\u1ec9 v\u00e0 ti\u1ebft ki\u1ec7m \u0111i\u1ec7n<br \/>\nGi\u1eb7t si\u00eau s\u1ea1ch, b\u1ea3o v\u1ec7 s\u1ee3i v\u1ea3i v\u1edbi c\u00f4ng ngh\u1ec7 The Greatwaves<br \/>\nCh\u1ebf \u0111\u1ed9 t\u1ef1 v\u1ec7 sinh l\u1ed3ng gi\u1eb7t I Clean ti\u1ec7n l\u1ee3i, \u0111\u00e1nh b\u1eadt m\u1ea3ng b\u00e1m<br \/>\nT\u00edch h\u1ee3p nhi\u1ec1u ch\u01b0\u01a1ng tr\u00ecnh, ph\u1ee5c v\u1ee5 \u0111a d\u1ea1ng nhu c\u1ea7u gi\u1eb7t gi\u0169<br \/>\nGi\u1eb7t s\u1ea1ch qu\u1ea7n \u00e1o nhanh ch\u00f3ng khi t\u00edch h\u1ee3p ch\u1ebf \u0111\u1ed9 gi\u1eb7t nhanh<br \/>\nAn to\u00e0n v\u00e0 an t\u00e2m khi trang b\u1ecb t\u00ednh n\u0103ng Kh\u00f3a \u0111\u1ed1i v\u1edbi tr\u1ebb em<\/p>\n<p>&nbsp;<\/p>\n<p>&nbsp;<\/p>\n","protected":false},"featured_media":28253,"comment_status":"open","ping_status":"closed","template":"","meta":[],"product_brand":[],"product_cat":[28],"product_tag":[],"class_list":{"0":"post-30125","1":"product","2":"type-product","3":"status-publish","4":"has-post-thumbnail","6":"product_cat-may-giat","8":"first","9":"instock","10":"sale","11":"taxable","12":"shipping-taxable","13":"purchasable","14":"product-type-simple"},"_links":{"self":[{"href":"https:\/\/dienmaytuandat.com\/index.php\/wp-json\/wp\/v2\/product\/30125","targetHints":{"allow":["GET"]}}],"collection":[{"href":"https:\/\/dienmaytuandat.com\/index.php\/wp-json\/wp\/v2\/product"}],"about":[{"href":"https:\/\/dienmaytuandat.com\/index.php\/wp-json\/wp\/v2\/types\/product"}],"replies":[{"embeddable":true,"href":"https:\/\/dienmaytuandat.com\/index.php\/wp-json\/wp\/v2\/comments?post=30125"}],"version-history":[{"count":2,"href":"https:\/\/dienmaytuandat.com\/index.php\/wp-json\/wp\/v2\/product\/30125\/revisions"}],"predecessor-version":[{"id":30128,"href":"https:\/\/dienmaytuandat.com\/index.php\/wp-json\/wp\/v2\/product\/30125\/revisions\/30128"}],"wp:featuredmedia":[{"embeddable":true,"href":"https:\/\/dienmaytuandat.com\/index.php\/wp-json\/wp\/v2\/media\/28253"}],"wp:attachment":[{"href":"https:\/\/dienmaytuandat.com\/index.php\/wp-json\/wp\/v2\/media?parent=30125"}],"wp:term":[{"taxonomy":"product_brand","embeddable":true,"href":"https:\/\/dienmaytuandat.com\/index.php\/wp-json\/wp\/v2\/product_brand?post=30125"},{"taxonomy":"product_cat","embeddable":true,"href":"https:\/\/dienmaytuandat.com\/index.php\/wp-json\/wp\/v2\/product_cat?post=30125"},{"taxonomy":"product_tag","embeddable":true,"href":"https:\/\/dienmaytuandat.com\/index.php\/wp-json\/wp\/v2\/product_tag?post=30125"}],"curies":[{"name":"wp","href":"https:\/\/api.w.org\/{rel}","templated":true}]}}