{"id":30204,"date":"2024-10-03T04:08:52","date_gmt":"2024-10-03T04:08:52","guid":{"rendered":"https:\/\/dienmaytuandat.com\/?post_type=product&#038;p=30204"},"modified":"2024-10-16T10:23:05","modified_gmt":"2024-10-16T10:23:05","slug":"tu-lanh-sharp-inverter-sj-fxp480vg-ch","status":"publish","type":"product","link":"https:\/\/dienmaytuandat.com\/index.php\/san-pham\/tu-lanh-sharp-inverter-sj-fxp480vg-ch\/","title":{"rendered":"T\u1ee7 l\u1ea1nh sharp inverter SJ-FXP480VG-CH"},"content":{"rendered":"<p>&nbsp;<\/p>\n<p>&nbsp;<\/p>\n","protected":false},"excerpt":{"rendered":"<p><span style=\"font-size: 14pt;\"><strong>\u0110\u1eb7c \u0110i\u1ec3m N\u1ed5i B\u1eadt<\/strong><\/span><br \/>\nB\u1ea3ng \u0111i\u1ec1u khi\u1ec3n b\u00ean ngo\u00e0i<br \/>\nCh\u1ebf \u0111\u1ed9 c\u1ea5p \u0111\u00f4ng nhanh<br \/>\nChu\u00f4ng b\u00e1o khi qu\u00ean \u0111\u00f3ng c\u1eeda<br \/>\nM\u1eb7t g\u01b0\u01a1ng sang tr\u1ecdng, d\u1ec5 v\u1ec7 sinh<br \/>\nL\u00e0m l\u1ea1nh \u0111a chi\u1ec1u<br \/>\nCh\u1ebf \u0111\u1ed9 k\u1ef3 ngh\u1ec9 ti\u1ebft ki\u1ec7m \u0111i\u1ec7n<br \/>\nJ-tech Inverter<br \/>\nCh\u1ebf \u0111\u1ed9 Extra Eco<\/p>\n","protected":false},"featured_media":30205,"comment_status":"open","ping_status":"closed","template":"","meta":[],"product_brand":[],"product_cat":[20],"product_tag":[],"class_list":{"0":"post-30204","1":"product","2":"type-product","3":"status-publish","4":"has-post-thumbnail","6":"product_cat-tu-lanh","8":"first","9":"instock","10":"sale","11":"taxable","12":"shipping-taxable","13":"purchasable","14":"product-type-simple"},"_links":{"self":[{"href":"https:\/\/dienmaytuandat.com\/index.php\/wp-json\/wp\/v2\/product\/30204","targetHints":{"allow":["GET"]}}],"collection":[{"href":"https:\/\/dienmaytuandat.com\/index.php\/wp-json\/wp\/v2\/product"}],"about":[{"href":"https:\/\/dienmaytuandat.com\/index.php\/wp-json\/wp\/v2\/types\/product"}],"replies":[{"embeddable":true,"href":"https:\/\/dienmaytuandat.com\/index.php\/wp-json\/wp\/v2\/comments?post=30204"}],"version-history":[{"count":3,"href":"https:\/\/dienmaytuandat.com\/index.php\/wp-json\/wp\/v2\/product\/30204\/revisions"}],"predecessor-version":[{"id":30555,"href":"https:\/\/dienmaytuandat.com\/index.php\/wp-json\/wp\/v2\/product\/30204\/revisions\/30555"}],"wp:featuredmedia":[{"embeddable":true,"href":"https:\/\/dienmaytuandat.com\/index.php\/wp-json\/wp\/v2\/media\/30205"}],"wp:attachment":[{"href":"https:\/\/dienmaytuandat.com\/index.php\/wp-json\/wp\/v2\/media?parent=30204"}],"wp:term":[{"taxonomy":"product_brand","embeddable":true,"href":"https:\/\/dienmaytuandat.com\/index.php\/wp-json\/wp\/v2\/product_brand?post=30204"},{"taxonomy":"product_cat","embeddable":true,"href":"https:\/\/dienmaytuandat.com\/index.php\/wp-json\/wp\/v2\/product_cat?post=30204"},{"taxonomy":"product_tag","embeddable":true,"href":"https:\/\/dienmaytuandat.com\/index.php\/wp-json\/wp\/v2\/product_tag?post=30204"}],"curies":[{"name":"wp","href":"https:\/\/api.w.org\/{rel}","templated":true}]}}