{"id":30243,"date":"2024-10-04T09:14:57","date_gmt":"2024-10-04T09:14:57","guid":{"rendered":"https:\/\/dienmaytuandat.com\/?post_type=product&#038;p=30243"},"modified":"2024-10-04T09:17:48","modified_gmt":"2024-10-04T09:17:48","slug":"tu-dong-dung-tich-lon-544-funiki-hdf-ad8544","status":"publish","type":"product","link":"https:\/\/dienmaytuandat.com\/index.php\/san-pham\/tu-dong-dung-tich-lon-544-funiki-hdf-ad8544\/","title":{"rendered":"T\u1ee7 \u0110\u00f4ng dung t\u00edch l\u1edbn 544 Funiki HDF-AD8544"},"content":{"rendered":"","protected":false},"excerpt":{"rendered":"<p><span style=\"font-size: 14pt;\"><strong>\u0110\u1eb7c \u0110i\u1ec3m N\u1ed5i B\u1eadt<\/strong><\/span><\/p>\n<p>T\u1ee7 \u0111\u00f4ng 1 ng\u0103n 2 c\u00e1nh<\/p>\n<p>Dung t\u00edch 544L<\/p>\n<p>D\u00e0n \u0111\u1ed3ng, Inverter<\/p>\n<p>Ch\u1ebf \u0111\u1ed9 \u0111\u00f4ng, khoang t\u00edch tr\u1eef l\u1edbnT\u1ee7 \u0111\u00f4ng H\u00f2a Ph\u00e1t dung t\u00edch l\u1edbn 1 ng\u0103n 2\u00a0 s\u1edf h\u1eefu c\u00f4ng ngh\u1ec7 Extra Freezing \u0111\u00f4ng s\u00e2u t\u1edbi -30 \u0111\u1ed9 C, d\u00e0n m\u00e1y n\u00e9n kho\u1ebb v\u00e0 h\u1ec7 th\u1ed1ng ch\u1ed1ng tho\u00e1t h\u01a1i l\u1ea1nh v\u1edbi l\u1edbp b\u1ea3o \u00f4n d\u00e0y 67mm<\/p>\n","protected":false},"featured_media":30244,"comment_status":"open","ping_status":"closed","template":"","meta":[],"product_brand":[],"product_cat":[108],"product_tag":[],"class_list":{"0":"post-30243","1":"product","2":"type-product","3":"status-publish","4":"has-post-thumbnail","6":"product_cat-tu-dong-va-tu-mat","8":"first","9":"instock","10":"sale","11":"taxable","12":"shipping-taxable","13":"purchasable","14":"product-type-simple"},"_links":{"self":[{"href":"https:\/\/dienmaytuandat.com\/index.php\/wp-json\/wp\/v2\/product\/30243","targetHints":{"allow":["GET"]}}],"collection":[{"href":"https:\/\/dienmaytuandat.com\/index.php\/wp-json\/wp\/v2\/product"}],"about":[{"href":"https:\/\/dienmaytuandat.com\/index.php\/wp-json\/wp\/v2\/types\/product"}],"replies":[{"embeddable":true,"href":"https:\/\/dienmaytuandat.com\/index.php\/wp-json\/wp\/v2\/comments?post=30243"}],"version-history":[{"count":3,"href":"https:\/\/dienmaytuandat.com\/index.php\/wp-json\/wp\/v2\/product\/30243\/revisions"}],"predecessor-version":[{"id":30246,"href":"https:\/\/dienmaytuandat.com\/index.php\/wp-json\/wp\/v2\/product\/30243\/revisions\/30246"}],"wp:featuredmedia":[{"embeddable":true,"href":"https:\/\/dienmaytuandat.com\/index.php\/wp-json\/wp\/v2\/media\/30244"}],"wp:attachment":[{"href":"https:\/\/dienmaytuandat.com\/index.php\/wp-json\/wp\/v2\/media?parent=30243"}],"wp:term":[{"taxonomy":"product_brand","embeddable":true,"href":"https:\/\/dienmaytuandat.com\/index.php\/wp-json\/wp\/v2\/product_brand?post=30243"},{"taxonomy":"product_cat","embeddable":true,"href":"https:\/\/dienmaytuandat.com\/index.php\/wp-json\/wp\/v2\/product_cat?post=30243"},{"taxonomy":"product_tag","embeddable":true,"href":"https:\/\/dienmaytuandat.com\/index.php\/wp-json\/wp\/v2\/product_tag?post=30243"}],"curies":[{"name":"wp","href":"https:\/\/api.w.org\/{rel}","templated":true}]}}