{"id":30249,"date":"2024-10-04T09:34:18","date_gmt":"2024-10-04T09:34:18","guid":{"rendered":"https:\/\/dienmaytuandat.com\/?post_type=product&#038;p=30249"},"modified":"2024-10-17T03:09:15","modified_gmt":"2024-10-17T03:09:15","slug":"tu-dong-mat-360-lit-sanaky-3699w1","status":"publish","type":"product","link":"https:\/\/dienmaytuandat.com\/index.php\/san-pham\/tu-dong-mat-360-lit-sanaky-3699w1\/","title":{"rendered":"T\u1ee7 \u0111\u00f4ng m\u00e1t 360 l\u00edt Sanaky 3699W1"},"content":{"rendered":"","protected":false},"excerpt":{"rendered":"<p><span style=\"font-size: 14pt;\"><strong>\u0110\u1eb7c \u0110i\u1ec3m N\u1ed5i B\u1eadt<\/strong><\/span><br \/>\nThi\u1ebft k\u1ebf 2 ng\u0103n 2 c\u00e1nh<br \/>\nD\u00e0n l\u1ea1nh \u0111\u1ed3ng nguy\u00ean ch\u1ea5t<br \/>\nL\u00e0m l\u1ea1nh s\u00e2u nhi\u1ec7t \u0111\u1ed9 \u2264-18\u00b0C<\/p>\n","protected":false},"featured_media":30563,"comment_status":"open","ping_status":"closed","template":"","meta":[],"product_brand":[],"product_cat":[108],"product_tag":[],"class_list":{"0":"post-30249","1":"product","2":"type-product","3":"status-publish","4":"has-post-thumbnail","6":"product_cat-tu-dong-va-tu-mat","8":"first","9":"instock","10":"sale","11":"taxable","12":"shipping-taxable","13":"purchasable","14":"product-type-simple"},"_links":{"self":[{"href":"https:\/\/dienmaytuandat.com\/index.php\/wp-json\/wp\/v2\/product\/30249","targetHints":{"allow":["GET"]}}],"collection":[{"href":"https:\/\/dienmaytuandat.com\/index.php\/wp-json\/wp\/v2\/product"}],"about":[{"href":"https:\/\/dienmaytuandat.com\/index.php\/wp-json\/wp\/v2\/types\/product"}],"replies":[{"embeddable":true,"href":"https:\/\/dienmaytuandat.com\/index.php\/wp-json\/wp\/v2\/comments?post=30249"}],"version-history":[{"count":2,"href":"https:\/\/dienmaytuandat.com\/index.php\/wp-json\/wp\/v2\/product\/30249\/revisions"}],"predecessor-version":[{"id":30253,"href":"https:\/\/dienmaytuandat.com\/index.php\/wp-json\/wp\/v2\/product\/30249\/revisions\/30253"}],"wp:featuredmedia":[{"embeddable":true,"href":"https:\/\/dienmaytuandat.com\/index.php\/wp-json\/wp\/v2\/media\/30563"}],"wp:attachment":[{"href":"https:\/\/dienmaytuandat.com\/index.php\/wp-json\/wp\/v2\/media?parent=30249"}],"wp:term":[{"taxonomy":"product_brand","embeddable":true,"href":"https:\/\/dienmaytuandat.com\/index.php\/wp-json\/wp\/v2\/product_brand?post=30249"},{"taxonomy":"product_cat","embeddable":true,"href":"https:\/\/dienmaytuandat.com\/index.php\/wp-json\/wp\/v2\/product_cat?post=30249"},{"taxonomy":"product_tag","embeddable":true,"href":"https:\/\/dienmaytuandat.com\/index.php\/wp-json\/wp\/v2\/product_tag?post=30249"}],"curies":[{"name":"wp","href":"https:\/\/api.w.org\/{rel}","templated":true}]}}