{"id":30337,"date":"2024-10-05T09:13:35","date_gmt":"2024-10-05T09:13:35","guid":{"rendered":"https:\/\/dienmaytuandat.com\/?post_type=product&#038;p=30337"},"modified":"2024-10-05T09:44:36","modified_gmt":"2024-10-05T09:44:36","slug":"tu-lanh-toshiba-inverter-596-lit-gr-rs775wi-pmv06mg","status":"publish","type":"product","link":"https:\/\/dienmaytuandat.com\/index.php\/san-pham\/tu-lanh-toshiba-inverter-596-lit-gr-rs775wi-pmv06mg\/","title":{"rendered":"T\u1ee7 l\u1ea1nh Toshiba inverter 596 l\u00edt side by side GR-RS775WI-PMV06(MG)"},"content":{"rendered":"","protected":false},"excerpt":{"rendered":"<p><span style=\"font-size: 14pt;\"><strong>\u0110\u1eb7c \u0110i\u1ec3m N\u1ed5i B\u1eadt<\/strong><\/span><br \/>\nT\u1ee7 l\u1ea1nh Toshiba di\u1ec7n m\u1ea1o sang tr\u1ecdng, n\u00e2ng t\u1ea7m kh\u00f4ng gian sinh s\u1ed1ng<br \/>\n<strong>D\u00f2ng t\u1ee7 Side by Side<\/strong> v\u1edbi nhi\u1ec1u ng\u0103n, khay, k\u1ec7, h\u1ed9c ch\u1ee9a \u0111\u1ec3 l\u01b0u tr\u1eef<br \/>\n<strong>C\u00f4ng ngh\u1ec7 Origin Inverter ti\u1ebft ki\u1ec7m \u0111i\u1ec7n<\/strong>, v\u1eadn h\u00e0nh b\u1ec1n b\u1ec9 v\u00e0 \u00eam \u00e1i<br \/>\n<strong>Ng\u0103n l\u1ea5y n\u01b0\u1edbc b\u00ean ngo\u00e0i ti\u1ec7n l\u1ee3i<\/strong>, l\u1ea5y n\u01b0\u1edbc nhanh kh\u00f4ng c\u1ea7n m\u1edf c\u1eeda<br \/>\n<strong>B\u1ed9 l\u1ecdc PureAir kh\u1eed m\u00f9i, di\u1ec7t khu\u1ea9n t\u1edbi 99.99%<\/strong>, b\u1ea3o \u0111\u1ea3m s\u1ee9c kh\u1ecfe<br \/>\nTrang b\u1ecb b\u1ea3ng \u0111i\u1ec1u khi\u1ec3n c\u1ea3m \u1ee9ng hi\u1ec7n \u0111\u1ea1i, nhanh nh\u1ea1y tr\u00ean c\u00e1nh c\u1eeda<br \/>\n<strong>K\u1ebft n\u1ed1i Internet \u0111\u1ec3 \u0111i\u1ec1u khi\u1ec3n b\u1eb1ng Smartphone<\/strong> th\u00f4ng qua app TSmartLife<br \/>\nB\u1ec1 m\u1eb7t Morandi ch\u1ed1ng b\u00e1m v\u00e2n tay, h\u1ea1n ch\u1ebf t\u1ed1i \u0111a c\u00e1c v\u1ebft tr\u1ea7y x\u01b0\u1edbc<\/p>\n","protected":false},"featured_media":30341,"comment_status":"open","ping_status":"closed","template":"","meta":[],"product_brand":[],"product_cat":[20],"product_tag":[],"class_list":{"0":"post-30337","1":"product","2":"type-product","3":"status-publish","4":"has-post-thumbnail","6":"product_cat-tu-lanh","8":"first","9":"instock","10":"sale","11":"taxable","12":"shipping-taxable","13":"purchasable","14":"product-type-simple"},"_links":{"self":[{"href":"https:\/\/dienmaytuandat.com\/index.php\/wp-json\/wp\/v2\/product\/30337","targetHints":{"allow":["GET"]}}],"collection":[{"href":"https:\/\/dienmaytuandat.com\/index.php\/wp-json\/wp\/v2\/product"}],"about":[{"href":"https:\/\/dienmaytuandat.com\/index.php\/wp-json\/wp\/v2\/types\/product"}],"replies":[{"embeddable":true,"href":"https:\/\/dienmaytuandat.com\/index.php\/wp-json\/wp\/v2\/comments?post=30337"}],"version-history":[{"count":3,"href":"https:\/\/dienmaytuandat.com\/index.php\/wp-json\/wp\/v2\/product\/30337\/revisions"}],"predecessor-version":[{"id":30343,"href":"https:\/\/dienmaytuandat.com\/index.php\/wp-json\/wp\/v2\/product\/30337\/revisions\/30343"}],"wp:featuredmedia":[{"embeddable":true,"href":"https:\/\/dienmaytuandat.com\/index.php\/wp-json\/wp\/v2\/media\/30341"}],"wp:attachment":[{"href":"https:\/\/dienmaytuandat.com\/index.php\/wp-json\/wp\/v2\/media?parent=30337"}],"wp:term":[{"taxonomy":"product_brand","embeddable":true,"href":"https:\/\/dienmaytuandat.com\/index.php\/wp-json\/wp\/v2\/product_brand?post=30337"},{"taxonomy":"product_cat","embeddable":true,"href":"https:\/\/dienmaytuandat.com\/index.php\/wp-json\/wp\/v2\/product_cat?post=30337"},{"taxonomy":"product_tag","embeddable":true,"href":"https:\/\/dienmaytuandat.com\/index.php\/wp-json\/wp\/v2\/product_tag?post=30337"}],"curies":[{"name":"wp","href":"https:\/\/api.w.org\/{rel}","templated":true}]}}