{"id":30346,"date":"2024-10-05T09:38:00","date_gmt":"2024-10-05T09:38:00","guid":{"rendered":"https:\/\/dienmaytuandat.com\/?post_type=product&#038;p=30346"},"modified":"2024-10-05T09:40:04","modified_gmt":"2024-10-05T09:40:04","slug":"tu-lanh-toshiba-inverter-gr-rf665wia-pgv22-xk","status":"publish","type":"product","link":"https:\/\/dienmaytuandat.com\/index.php\/san-pham\/tu-lanh-toshiba-inverter-gr-rf665wia-pgv22-xk\/","title":{"rendered":"T\u1ee7 l\u1ea1nh oshiba inverter 515 l\u00edt GR-RF665WIA-PGV(22)-XK"},"content":{"rendered":"","protected":false},"excerpt":{"rendered":"<p><span style=\"font-size: 14pt;\"><strong>\u0110\u1eb7c \u0110i\u1ec3m N\u1ed5i B\u1eadt<\/strong><\/span><br \/>\n<strong>C\u00f4ng ngh\u1ec7 Origin Inverter ti\u1ebft ki\u1ec7m \u0111i\u1ec7n t\u1ed1i \u01b0u<\/strong>, v\u1eadn h\u00e0nh \u00eam \u00e1i, b\u1ec1n b\u1ec9<br \/>\n<strong>C\u00f4ng ngh\u1ec7 PureAir di\u1ec7t khu\u1ea9n<\/strong> hi\u1ec7u qu\u1ea3 l\u00ean t\u1edbi 99.99%, kh\u1eed m\u00f9i t\u1edbi 99%<br \/>\n<strong>\u0110i\u1ec1u khi\u1ec3n t\u1ee7 l\u1ea1nh t\u1eeb xa d\u1ec5 d\u00e0ng qua \u1ee9ng d\u1ee5ng TSmartLife<\/strong> tr\u00ean \u0111i\u1ec7n tho\u1ea1i<br \/>\n<strong>H\u1ec7 th\u1ed1ng l\u00e0m \u0111\u00e1 t\u1ef1 \u0111\u1ed9ng gi\u00fap l\u00e0m \u0111\u00e1 nhanh, \u0111\u00e1 vi\u00ean<\/strong> lu\u00f4n s\u1eb5n s\u00e0ng \u0111\u1ec3 d\u00f9ng<br \/>\nK\u1ec7 k\u00ednh c\u01b0\u1eddng l\u1ef1c b\u1ec1n ch\u1eafc, ch\u1ecbu \u0111\u01b0\u1ee3c v\u1eadt n\u1eb7ng, c\u00f3 th\u1ec3 di chuy\u1ec3n linh ho\u1ea1t<br \/>\n<strong>D\u00f2ng t\u1ee7 Multi doors 4 c\u1eeda<\/strong> cao c\u1ea5p, nhi\u1ec1u ng\u0103n &#8211; h\u1ed9c &#8211; k\u1ec7 ch\u1ee9a th\u1ef1c ph\u1ea9m<br \/>\nThi\u1ebft k\u1ebf m\u1eb7t K\u00ednh \u0110en h\u1ebft m\u1ef1c sang tr\u1ecdng, n\u00e2ng t\u1ea7m kh\u00f4ng gian b\u1ebfp<\/p>\n","protected":false},"featured_media":30347,"comment_status":"open","ping_status":"closed","template":"","meta":[],"product_brand":[],"product_cat":[20],"product_tag":[],"class_list":{"0":"post-30346","1":"product","2":"type-product","3":"status-publish","4":"has-post-thumbnail","6":"product_cat-tu-lanh","8":"first","9":"instock","10":"sale","11":"taxable","12":"shipping-taxable","13":"purchasable","14":"product-type-simple"},"_links":{"self":[{"href":"https:\/\/dienmaytuandat.com\/index.php\/wp-json\/wp\/v2\/product\/30346","targetHints":{"allow":["GET"]}}],"collection":[{"href":"https:\/\/dienmaytuandat.com\/index.php\/wp-json\/wp\/v2\/product"}],"about":[{"href":"https:\/\/dienmaytuandat.com\/index.php\/wp-json\/wp\/v2\/types\/product"}],"replies":[{"embeddable":true,"href":"https:\/\/dienmaytuandat.com\/index.php\/wp-json\/wp\/v2\/comments?post=30346"}],"version-history":[{"count":3,"href":"https:\/\/dienmaytuandat.com\/index.php\/wp-json\/wp\/v2\/product\/30346\/revisions"}],"predecessor-version":[{"id":30352,"href":"https:\/\/dienmaytuandat.com\/index.php\/wp-json\/wp\/v2\/product\/30346\/revisions\/30352"}],"wp:featuredmedia":[{"embeddable":true,"href":"https:\/\/dienmaytuandat.com\/index.php\/wp-json\/wp\/v2\/media\/30347"}],"wp:attachment":[{"href":"https:\/\/dienmaytuandat.com\/index.php\/wp-json\/wp\/v2\/media?parent=30346"}],"wp:term":[{"taxonomy":"product_brand","embeddable":true,"href":"https:\/\/dienmaytuandat.com\/index.php\/wp-json\/wp\/v2\/product_brand?post=30346"},{"taxonomy":"product_cat","embeddable":true,"href":"https:\/\/dienmaytuandat.com\/index.php\/wp-json\/wp\/v2\/product_cat?post=30346"},{"taxonomy":"product_tag","embeddable":true,"href":"https:\/\/dienmaytuandat.com\/index.php\/wp-json\/wp\/v2\/product_tag?post=30346"}],"curies":[{"name":"wp","href":"https:\/\/api.w.org\/{rel}","templated":true}]}}