{"id":30368,"date":"2024-10-06T02:31:38","date_gmt":"2024-10-06T02:31:38","guid":{"rendered":"https:\/\/dienmaytuandat.com\/?post_type=product&#038;p=30368"},"modified":"2024-10-17T10:16:32","modified_gmt":"2024-10-17T10:16:32","slug":"tu-mat-mitsuxfan-mssc-4099gws","status":"publish","type":"product","link":"https:\/\/dienmaytuandat.com\/index.php\/san-pham\/tu-mat-mitsuxfan-mssc-4099gws\/","title":{"rendered":"T\u1ee7 m\u00e1t MitsuXfan MSSC-4099GWS"},"content":{"rendered":"","protected":false},"excerpt":{"rendered":"<p><span style=\"font-size: 14pt;\"><strong>\u0110\u1eb7c \u0110i\u1ebbm N\u1ed5i B\u1eadt<\/strong><\/span><\/p>\n<p>T\u1ee7 m\u00e1t tr\u01b0ng b\u00e0y cao c\u1ea5p<br \/>\nModel &#8211; MSSC-4099GWS.<br \/>\n1. L\u00d2NG T\u1ee6 NH\u1ef0A KH\u00c1NG KHU\u1ea8N;<br \/>\n2. K\u00cdNH 02 L\u1edaP CH\u00c2N KH\u00d4NG; C\u01af\u1edcNG L\u1ef0C &#8211; PH\u1ea2N NHI\u1ec6T<br \/>\n3.CH\u1ed0NG \u0110\u1eccNG S\u01af\u01a0NG &#8211; LOW E;<br \/>\n4. C\u00f4ng ngh\u1ec7 \u0111\u00fac khung ALOY;<br \/>\n5. Khung c\u1eeda nh\u00f4m \u0111\u00fac nguy\u00ean kh\u1ed1i<br \/>\n6. X\u1ea3 tuy\u1ebft t\u1ef1 \u0111\u1ed9ng<\/p>\n","protected":false},"featured_media":30424,"comment_status":"open","ping_status":"closed","template":"","meta":[],"product_brand":[],"product_cat":[108],"product_tag":[],"class_list":{"0":"post-30368","1":"product","2":"type-product","3":"status-publish","4":"has-post-thumbnail","6":"product_cat-tu-dong-va-tu-mat","8":"first","9":"instock","10":"sale","11":"taxable","12":"shipping-taxable","13":"purchasable","14":"product-type-simple"},"_links":{"self":[{"href":"https:\/\/dienmaytuandat.com\/index.php\/wp-json\/wp\/v2\/product\/30368","targetHints":{"allow":["GET"]}}],"collection":[{"href":"https:\/\/dienmaytuandat.com\/index.php\/wp-json\/wp\/v2\/product"}],"about":[{"href":"https:\/\/dienmaytuandat.com\/index.php\/wp-json\/wp\/v2\/types\/product"}],"replies":[{"embeddable":true,"href":"https:\/\/dienmaytuandat.com\/index.php\/wp-json\/wp\/v2\/comments?post=30368"}],"version-history":[{"count":3,"href":"https:\/\/dienmaytuandat.com\/index.php\/wp-json\/wp\/v2\/product\/30368\/revisions"}],"predecessor-version":[{"id":30372,"href":"https:\/\/dienmaytuandat.com\/index.php\/wp-json\/wp\/v2\/product\/30368\/revisions\/30372"}],"wp:featuredmedia":[{"embeddable":true,"href":"https:\/\/dienmaytuandat.com\/index.php\/wp-json\/wp\/v2\/media\/30424"}],"wp:attachment":[{"href":"https:\/\/dienmaytuandat.com\/index.php\/wp-json\/wp\/v2\/media?parent=30368"}],"wp:term":[{"taxonomy":"product_brand","embeddable":true,"href":"https:\/\/dienmaytuandat.com\/index.php\/wp-json\/wp\/v2\/product_brand?post=30368"},{"taxonomy":"product_cat","embeddable":true,"href":"https:\/\/dienmaytuandat.com\/index.php\/wp-json\/wp\/v2\/product_cat?post=30368"},{"taxonomy":"product_tag","embeddable":true,"href":"https:\/\/dienmaytuandat.com\/index.php\/wp-json\/wp\/v2\/product_tag?post=30368"}],"curies":[{"name":"wp","href":"https:\/\/api.w.org\/{rel}","templated":true}]}}