{"id":30377,"date":"2024-10-06T02:47:46","date_gmt":"2024-10-06T02:47:46","guid":{"rendered":"https:\/\/dienmaytuandat.com\/?post_type=product&#038;p=30377"},"modified":"2024-10-17T03:17:46","modified_gmt":"2024-10-17T03:17:46","slug":"tu-dong-sanaky-inverter-530-lit-vh-6699hy3","status":"publish","type":"product","link":"https:\/\/dienmaytuandat.com\/index.php\/san-pham\/tu-dong-sanaky-inverter-530-lit-vh-6699hy3\/","title":{"rendered":"T\u1ee7 \u0111\u00f4ng Sanaky inverter 530 l\u00edt VH-6699HY3"},"content":{"rendered":"","protected":false},"excerpt":{"rendered":"<p><span style=\"font-size: 14pt;\"><strong>\u0110\u1eb7c \u0110i\u1ec3m N\u1ed5i B<\/strong><\/span><span style=\"font-size: 14pt;\"><strong>\u1eadt<\/strong><\/span><br \/>\n<strong>Dung t\u00edch s\u1eed d\u1ee5ng 530L<\/strong> b\u1ea3o qu\u1ea3n l\u01b0\u1ee3ng th\u1ef1c ph\u1ea9m kh\u00e1 l\u1edbn<br \/>\n<strong>C\u00f4ng ngh\u1ec7 Inverter<\/strong> v\u1eadn h\u00e0nh \u00eam \u00e1i, ti\u1ebft ki\u1ec7m \u0111i\u1ec7n n\u0103ng<br \/>\n<strong>D\u00e0n l\u1ea1nh b\u1eb1ng \u0111\u1ed3ng<\/strong> l\u00e0m l\u1ea1nh th\u1ef1c ph\u1ea9m nhanh ch\u00f3ng<br \/>\nS\u1eed d\u1ee5ng gas l\u00e0m l\u1ea1nh R600A th\u00e2n thi\u1ec7n v\u1edbi m\u00f4i tr\u01b0\u1eddng<br \/>\nThi\u1ebft k\u1ebf 4 b\u00e1nh l\u0103n ch\u1ecbu l\u1ef1c thu\u1eadn ti\u1ec7n cho vi\u1ec7c di chuy\u1ec3n<br \/>\nTh\u00e2n t\u1ee7 \u0111\u00f4ng Sanaky l\u00e0m t\u1eeb nh\u1ef1a ABS b\u1ec1n b\u1ec9 d\u1ec5 d\u00e0ng v\u1ec7 sinh ch\u00f9i r\u1eeda<br \/>\n<strong>Kh\u00f3a an to\u00e0n<\/strong> tr\u00e1nh tr\u01b0\u1eddng h\u1ee3p m\u1edf t\u1ee7 kh\u00f4ng mong mu\u1ed1n<br \/>\nD\u1ec5 d\u00e0ng \u0111i\u1ec1u ch\u1ec9nh nhi\u1ec7t \u0111\u1ed9 v\u1edbi n\u00fat xoay ngo\u00e0i th\u00e2n t\u1ee7<\/p>\n","protected":false},"featured_media":30568,"comment_status":"open","ping_status":"closed","template":"","meta":[],"product_brand":[],"product_cat":[108],"product_tag":[],"class_list":{"0":"post-30377","1":"product","2":"type-product","3":"status-publish","4":"has-post-thumbnail","6":"product_cat-tu-dong-va-tu-mat","8":"first","9":"instock","10":"sale","11":"taxable","12":"shipping-taxable","13":"purchasable","14":"product-type-simple"},"_links":{"self":[{"href":"https:\/\/dienmaytuandat.com\/index.php\/wp-json\/wp\/v2\/product\/30377","targetHints":{"allow":["GET"]}}],"collection":[{"href":"https:\/\/dienmaytuandat.com\/index.php\/wp-json\/wp\/v2\/product"}],"about":[{"href":"https:\/\/dienmaytuandat.com\/index.php\/wp-json\/wp\/v2\/types\/product"}],"replies":[{"embeddable":true,"href":"https:\/\/dienmaytuandat.com\/index.php\/wp-json\/wp\/v2\/comments?post=30377"}],"version-history":[{"count":2,"href":"https:\/\/dienmaytuandat.com\/index.php\/wp-json\/wp\/v2\/product\/30377\/revisions"}],"predecessor-version":[{"id":30381,"href":"https:\/\/dienmaytuandat.com\/index.php\/wp-json\/wp\/v2\/product\/30377\/revisions\/30381"}],"wp:featuredmedia":[{"embeddable":true,"href":"https:\/\/dienmaytuandat.com\/index.php\/wp-json\/wp\/v2\/media\/30568"}],"wp:attachment":[{"href":"https:\/\/dienmaytuandat.com\/index.php\/wp-json\/wp\/v2\/media?parent=30377"}],"wp:term":[{"taxonomy":"product_brand","embeddable":true,"href":"https:\/\/dienmaytuandat.com\/index.php\/wp-json\/wp\/v2\/product_brand?post=30377"},{"taxonomy":"product_cat","embeddable":true,"href":"https:\/\/dienmaytuandat.com\/index.php\/wp-json\/wp\/v2\/product_cat?post=30377"},{"taxonomy":"product_tag","embeddable":true,"href":"https:\/\/dienmaytuandat.com\/index.php\/wp-json\/wp\/v2\/product_tag?post=30377"}],"curies":[{"name":"wp","href":"https:\/\/api.w.org\/{rel}","templated":true}]}}