{"id":30529,"date":"2024-10-15T08:15:38","date_gmt":"2024-10-15T08:15:38","guid":{"rendered":"https:\/\/dienmaytuandat.com\/?post_type=product&#038;p=30529"},"modified":"2024-10-15T08:22:59","modified_gmt":"2024-10-15T08:22:59","slug":"may-giat-toshiba-inverter-12kg-aw-duk1300kvsg","status":"publish","type":"product","link":"https:\/\/dienmaytuandat.com\/index.php\/san-pham\/may-giat-toshiba-inverter-12kg-aw-duk1300kvsg\/","title":{"rendered":"M\u00e1y gi\u1eb7t Toshiba inverter 12kg AW-DUK1300KV(SG)"},"content":{"rendered":"","protected":false},"excerpt":{"rendered":"<p><span style=\"font-size: 14pt;\"><strong>\u0110\u1eb7c i\u1ec3m N\u1ed5i B\u1eadt<\/strong><\/span><br \/>\nM\u00e1y gi\u1eb7t c\u00f3 kh\u1ed1i l\u01b0\u1ee3ng gi\u1eb7t 12 kg th\u00edch h\u1ee3p cho gia \u0111\u00ecnh 5 -7 th\u00e0nh vi\u00ean<br \/>\n\u0110\u1ed9ng c\u01a1 truy\u1ec1n \u0111\u1ed9ng tr\u1ef1c ti\u1ebfp Inveter gi\u00fap m\u00e1y ho\u1ea1t \u0111\u1ed9ng \u00eam, ti\u1ebft ki\u1ec7m \u0111i\u1ec7n<br \/>\nC\u00f4ng ngh\u1ec7 si\u00eau b\u1ecdt kh\u00ed Nano UFB th\u1ea5m s\u00e2u v\u00e0 lo\u1ea1i b\u1ecf ch\u1ea5t b\u1ea9n hi\u1ec7u qu\u1ea3<br \/>\n3 th\u00e1c n\u01b0\u1edbc k\u1ebft h\u1ee3p v\u1edbi tia n\u01b0\u1edbc t\u1eeb m\u00e2m gi\u1eb7t 864 l\u1ed7 gi\u00fap gi\u1eb7t si\u00eau s\u1ea1ch<br \/>\nC\u00f4ng ngh\u1ec7 IClean t\u1ef1 \u0111\u1ed9ng v\u1ec7 sinh l\u1ed3ng gi\u1eb7t, h\u1ea1n ch\u1ebf vi khu\u1ea9n, n\u1ea5m m\u1ed1c<br \/>\nN\u1eafp m\u00e1y gi\u1ea3m ch\u1ea5n \u0111\u00f3ng ch\u1eadm th\u1eadt nh\u1eb9 nh\u00e0ng an to\u00e0n v\u00e0 th\u00e2n thi\u1ec7n<br \/>\nCh\u1ee9c n\u0103ng h\u1eb9n gi\u1edd 1-24 gi\u1edd gi\u00fap ng\u01b0\u1eddi d\u00f9ng ch\u1ee7 \u0111\u1ed9ng th\u1eddi gian s\u1eed d\u1ee5ng<\/p>\n","protected":false},"featured_media":30502,"comment_status":"open","ping_status":"closed","template":"","meta":[],"product_brand":[],"product_cat":[28],"product_tag":[],"class_list":{"0":"post-30529","1":"product","2":"type-product","3":"status-publish","4":"has-post-thumbnail","6":"product_cat-may-giat","8":"first","9":"instock","10":"sale","11":"taxable","12":"shipping-taxable","13":"purchasable","14":"product-type-simple"},"_links":{"self":[{"href":"https:\/\/dienmaytuandat.com\/index.php\/wp-json\/wp\/v2\/product\/30529","targetHints":{"allow":["GET"]}}],"collection":[{"href":"https:\/\/dienmaytuandat.com\/index.php\/wp-json\/wp\/v2\/product"}],"about":[{"href":"https:\/\/dienmaytuandat.com\/index.php\/wp-json\/wp\/v2\/types\/product"}],"replies":[{"embeddable":true,"href":"https:\/\/dienmaytuandat.com\/index.php\/wp-json\/wp\/v2\/comments?post=30529"}],"version-history":[{"count":2,"href":"https:\/\/dienmaytuandat.com\/index.php\/wp-json\/wp\/v2\/product\/30529\/revisions"}],"predecessor-version":[{"id":30531,"href":"https:\/\/dienmaytuandat.com\/index.php\/wp-json\/wp\/v2\/product\/30529\/revisions\/30531"}],"wp:featuredmedia":[{"embeddable":true,"href":"https:\/\/dienmaytuandat.com\/index.php\/wp-json\/wp\/v2\/media\/30502"}],"wp:attachment":[{"href":"https:\/\/dienmaytuandat.com\/index.php\/wp-json\/wp\/v2\/media?parent=30529"}],"wp:term":[{"taxonomy":"product_brand","embeddable":true,"href":"https:\/\/dienmaytuandat.com\/index.php\/wp-json\/wp\/v2\/product_brand?post=30529"},{"taxonomy":"product_cat","embeddable":true,"href":"https:\/\/dienmaytuandat.com\/index.php\/wp-json\/wp\/v2\/product_cat?post=30529"},{"taxonomy":"product_tag","embeddable":true,"href":"https:\/\/dienmaytuandat.com\/index.php\/wp-json\/wp\/v2\/product_tag?post=30529"}],"curies":[{"name":"wp","href":"https:\/\/api.w.org\/{rel}","templated":true}]}}