{"id":30624,"date":"2024-10-22T09:10:58","date_gmt":"2024-10-22T09:10:58","guid":{"rendered":"https:\/\/dienmaytuandat.com\/?post_type=product&#038;p=30624"},"modified":"2024-10-22T09:13:38","modified_gmt":"2024-10-22T09:13:38","slug":"tu-dong-hoa-phat-hpf-ad6107g","status":"publish","type":"product","link":"https:\/\/dienmaytuandat.com\/index.php\/san-pham\/tu-dong-hoa-phat-hpf-ad6107g\/","title":{"rendered":"T\u1ee7 \u0111\u00f4ng h\u00f2a ph\u00e1t HPF AD6107G"},"content":{"rendered":"","protected":false},"excerpt":{"rendered":"<p><span style=\"font-size: 14pt;\"><strong>\u0110\u1eb7c \u0110i\u1ec3m N\u1ed5i B\u1eadt\u00a0<\/strong><\/span><\/p>\n<p>t\u1ee7 \u0111\u00f4ng 1 ng\u0103n 1 c\u00e1nh<\/p>\n<p>Dung t\u00edch 107L<\/p>\n<p>D\u00e0n \u0111\u1ed3ng, On\/Off<\/p>\n<p>K\u00edch th\u01b0\u1edbc t\u1ed5ng (RxCxS): 564x870x590 mm<\/p>\n<p>1 Ch\u1ebf \u0111\u1ed9 \u0111\u00f4ng<\/p>\n<p>D\u00e0n l\u1ea1nh \u0111\u1ed3ng, m\u00f4i ch\u1ea5t l\u1ea1nh R600a<\/p>\n<p>T\u1ee7 \u0111\u00f4ng H\u00f2a Ph\u00e1t HPF AD6107G s\u1edf h\u1eefu c\u00f4ng ngh\u1ec7 Extra Freezing \u0111\u00f4ng s\u00e2u t\u1edbi -30 \u0111\u1ed9 C, d\u00e0n m\u00e1y n\u00e9n kho\u1ebb v\u00e0 h\u1ec7 th\u1ed1ng ch\u1ed1ng tho\u00e1t h\u01a1i l\u1ea1nh v\u1edbi l\u1edbp b\u1ea3o \u00f4n d\u00e0y 62mm<\/p>\n","protected":false},"featured_media":30625,"comment_status":"open","ping_status":"closed","template":"","meta":[],"product_brand":[],"product_cat":[108],"product_tag":[],"class_list":{"0":"post-30624","1":"product","2":"type-product","3":"status-publish","4":"has-post-thumbnail","6":"product_cat-tu-dong-va-tu-mat","8":"first","9":"instock","10":"sale","11":"taxable","12":"shipping-taxable","13":"purchasable","14":"product-type-simple"},"_links":{"self":[{"href":"https:\/\/dienmaytuandat.com\/index.php\/wp-json\/wp\/v2\/product\/30624","targetHints":{"allow":["GET"]}}],"collection":[{"href":"https:\/\/dienmaytuandat.com\/index.php\/wp-json\/wp\/v2\/product"}],"about":[{"href":"https:\/\/dienmaytuandat.com\/index.php\/wp-json\/wp\/v2\/types\/product"}],"replies":[{"embeddable":true,"href":"https:\/\/dienmaytuandat.com\/index.php\/wp-json\/wp\/v2\/comments?post=30624"}],"version-history":[{"count":2,"href":"https:\/\/dienmaytuandat.com\/index.php\/wp-json\/wp\/v2\/product\/30624\/revisions"}],"predecessor-version":[{"id":30628,"href":"https:\/\/dienmaytuandat.com\/index.php\/wp-json\/wp\/v2\/product\/30624\/revisions\/30628"}],"wp:featuredmedia":[{"embeddable":true,"href":"https:\/\/dienmaytuandat.com\/index.php\/wp-json\/wp\/v2\/media\/30625"}],"wp:attachment":[{"href":"https:\/\/dienmaytuandat.com\/index.php\/wp-json\/wp\/v2\/media?parent=30624"}],"wp:term":[{"taxonomy":"product_brand","embeddable":true,"href":"https:\/\/dienmaytuandat.com\/index.php\/wp-json\/wp\/v2\/product_brand?post=30624"},{"taxonomy":"product_cat","embeddable":true,"href":"https:\/\/dienmaytuandat.com\/index.php\/wp-json\/wp\/v2\/product_cat?post=30624"},{"taxonomy":"product_tag","embeddable":true,"href":"https:\/\/dienmaytuandat.com\/index.php\/wp-json\/wp\/v2\/product_tag?post=30624"}],"curies":[{"name":"wp","href":"https:\/\/api.w.org\/{rel}","templated":true}]}}