{"id":30664,"date":"2024-10-23T11:40:26","date_gmt":"2024-10-23T11:40:26","guid":{"rendered":"https:\/\/dienmaytuandat.com\/?post_type=product&#038;p=30664"},"modified":"2024-10-23T11:41:07","modified_gmt":"2024-10-23T11:41:07","slug":"lau-dien-3-5l-sunhouse-shd-4523","status":"publish","type":"product","link":"https:\/\/dienmaytuandat.com\/index.php\/san-pham\/lau-dien-3-5l-sunhouse-shd-4523\/","title":{"rendered":"L\u1ea9u \u0111i\u1ec7n 3.5l Sunhouse SHD 4523"},"content":{"rendered":"","protected":false},"excerpt":{"rendered":"<p><span style=\"font-size: 14pt;\"><strong>\u00a0\u0110\u1eb7c \u0110i\u1ec3m N\u1ed5i B\u1eadt<\/strong><\/span><br \/>\n\u0110a ch\u1ee9c n\u0103ng: L\u1ea9u, X\u00e0o, Chi\u00ean, R\u00e1n\u2026<br \/>\nL\u00f2ng n\u1ed3i ch\u1ed1ng d\u00ednh cao c\u1ea5p, d\u1ec5 d\u00e0ng v\u1ec7 sinh<br \/>\n\u0110i\u1ec1u ch\u1ec9nh nhi\u1ec7t \u0111\u1ed9 b\u1eb1ng n\u00fam g\u1ea1t ti\u1ec7n l\u1ee3i v\u00e0 nhanh ch\u00f3ng<br \/>\nVung k\u00ednh c\u01b0\u1eddng l\u1ef1c trong su\u1ed1t, d\u1ec5 d\u00e0ng quan s\u00e1t th\u1ee9c \u0103n trong n\u1ed3i<br \/>\nT\u1ef1 ng\u1eaft khi qu\u00e1 nhi\u1ec7t ho\u1eb7c s\u00f4i kh\u00f4 an to\u00e0n s\u1eed d\u1ee5ng<\/p>\n","protected":false},"featured_media":30667,"comment_status":"open","ping_status":"closed","template":"","meta":[],"product_brand":[],"product_cat":[147],"product_tag":[],"class_list":{"0":"post-30664","1":"product","2":"type-product","3":"status-publish","4":"has-post-thumbnail","6":"product_cat-do-gia-dung","8":"first","9":"instock","10":"sale","11":"taxable","12":"shipping-taxable","13":"purchasable","14":"product-type-simple"},"_links":{"self":[{"href":"https:\/\/dienmaytuandat.com\/index.php\/wp-json\/wp\/v2\/product\/30664","targetHints":{"allow":["GET"]}}],"collection":[{"href":"https:\/\/dienmaytuandat.com\/index.php\/wp-json\/wp\/v2\/product"}],"about":[{"href":"https:\/\/dienmaytuandat.com\/index.php\/wp-json\/wp\/v2\/types\/product"}],"replies":[{"embeddable":true,"href":"https:\/\/dienmaytuandat.com\/index.php\/wp-json\/wp\/v2\/comments?post=30664"}],"version-history":[{"count":2,"href":"https:\/\/dienmaytuandat.com\/index.php\/wp-json\/wp\/v2\/product\/30664\/revisions"}],"predecessor-version":[{"id":30669,"href":"https:\/\/dienmaytuandat.com\/index.php\/wp-json\/wp\/v2\/product\/30664\/revisions\/30669"}],"wp:featuredmedia":[{"embeddable":true,"href":"https:\/\/dienmaytuandat.com\/index.php\/wp-json\/wp\/v2\/media\/30667"}],"wp:attachment":[{"href":"https:\/\/dienmaytuandat.com\/index.php\/wp-json\/wp\/v2\/media?parent=30664"}],"wp:term":[{"taxonomy":"product_brand","embeddable":true,"href":"https:\/\/dienmaytuandat.com\/index.php\/wp-json\/wp\/v2\/product_brand?post=30664"},{"taxonomy":"product_cat","embeddable":true,"href":"https:\/\/dienmaytuandat.com\/index.php\/wp-json\/wp\/v2\/product_cat?post=30664"},{"taxonomy":"product_tag","embeddable":true,"href":"https:\/\/dienmaytuandat.com\/index.php\/wp-json\/wp\/v2\/product_tag?post=30664"}],"curies":[{"name":"wp","href":"https:\/\/api.w.org\/{rel}","templated":true}]}}