{"id":30677,"date":"2024-10-24T03:14:06","date_gmt":"2024-10-24T03:14:06","guid":{"rendered":"https:\/\/dienmaytuandat.com\/?post_type=product&#038;p=30677"},"modified":"2024-10-24T03:15:47","modified_gmt":"2024-10-24T03:15:47","slug":"bep-ga-mini-namilux-mother-pl2111as","status":"publish","type":"product","link":"https:\/\/dienmaytuandat.com\/index.php\/san-pham\/bep-ga-mini-namilux-mother-pl2111as\/","title":{"rendered":"B\u1ebfp ga mini Namilux Mother PL2111AS"},"content":{"rendered":"","protected":false},"excerpt":{"rendered":"<p><span style=\"font-size: 14pt;\"><strong>\u0110\u1eb7c \u0110i\u1ec3m N\u1ed5i B\u1eadt<\/strong><\/span><\/p>\n<p>S\u1ea3n ph\u1ea9m h\u1ee3p t\u00e1c \u2013 xu\u1ea5t kh\u1ea9u ASAHI \u2013 JAPAN &#8211; Thi\u1ebft k\u1ebf t\u1ed1i \u01b0u theo ti\u00eau chu\u1ea9n Nh\u1eadt B\u1ea3n<br \/>\nC\u00f4ng su\u1ea5t c\u1ee7a b\u1ebfp Namilux m\u1ea1nh h\u01a1n g\u1ea5p 1.3 l\u1ea7n so v\u1edbi b\u1ebfp th\u00f4ng th\u01b0\u1eddng do h\u1ec7 th\u1ed1ng cung c\u1ea5p ga c\u00f3 \u0111\u1ed9 ch\u00ednh x\u00e1c cao, \u0111\u1ea7u \u0111\u1ed1t s\u1eed d\u1ee5ng ch\u1ea5t li\u1ec7u nguy\u00ean ch\u1ea5t t\u0103ng kh\u1ea3 n\u0103ng t\u1ea3n nhi\u1ec7t cho b\u1ebfp.<\/p>\n","protected":false},"featured_media":30678,"comment_status":"open","ping_status":"closed","template":"","meta":[],"product_brand":[],"product_cat":[147],"product_tag":[],"class_list":{"0":"post-30677","1":"product","2":"type-product","3":"status-publish","4":"has-post-thumbnail","6":"product_cat-do-gia-dung","8":"first","9":"instock","10":"taxable","11":"shipping-taxable","12":"purchasable","13":"product-type-simple"},"_links":{"self":[{"href":"https:\/\/dienmaytuandat.com\/index.php\/wp-json\/wp\/v2\/product\/30677","targetHints":{"allow":["GET"]}}],"collection":[{"href":"https:\/\/dienmaytuandat.com\/index.php\/wp-json\/wp\/v2\/product"}],"about":[{"href":"https:\/\/dienmaytuandat.com\/index.php\/wp-json\/wp\/v2\/types\/product"}],"replies":[{"embeddable":true,"href":"https:\/\/dienmaytuandat.com\/index.php\/wp-json\/wp\/v2\/comments?post=30677"}],"version-history":[{"count":2,"href":"https:\/\/dienmaytuandat.com\/index.php\/wp-json\/wp\/v2\/product\/30677\/revisions"}],"predecessor-version":[{"id":30681,"href":"https:\/\/dienmaytuandat.com\/index.php\/wp-json\/wp\/v2\/product\/30677\/revisions\/30681"}],"wp:featuredmedia":[{"embeddable":true,"href":"https:\/\/dienmaytuandat.com\/index.php\/wp-json\/wp\/v2\/media\/30678"}],"wp:attachment":[{"href":"https:\/\/dienmaytuandat.com\/index.php\/wp-json\/wp\/v2\/media?parent=30677"}],"wp:term":[{"taxonomy":"product_brand","embeddable":true,"href":"https:\/\/dienmaytuandat.com\/index.php\/wp-json\/wp\/v2\/product_brand?post=30677"},{"taxonomy":"product_cat","embeddable":true,"href":"https:\/\/dienmaytuandat.com\/index.php\/wp-json\/wp\/v2\/product_cat?post=30677"},{"taxonomy":"product_tag","embeddable":true,"href":"https:\/\/dienmaytuandat.com\/index.php\/wp-json\/wp\/v2\/product_tag?post=30677"}],"curies":[{"name":"wp","href":"https:\/\/api.w.org\/{rel}","templated":true}]}}