{"id":30709,"date":"2024-10-27T04:03:24","date_gmt":"2024-10-27T04:03:24","guid":{"rendered":"https:\/\/dienmaytuandat.com\/?post_type=product&#038;p=30709"},"modified":"2024-10-27T04:06:47","modified_gmt":"2024-10-27T04:06:47","slug":"tu-dong-352-lit-hoa-phat-hpf-ad352","status":"publish","type":"product","link":"https:\/\/dienmaytuandat.com\/index.php\/san-pham\/tu-dong-352-lit-hoa-phat-hpf-ad352\/","title":{"rendered":"T\u1ee7 \u0111\u00f4ng 352 l\u00edt H\u00f2a Ph\u00e1t HPF-AD352"},"content":{"rendered":"","protected":false},"excerpt":{"rendered":"<p><span style=\"font-size: 14pt;\"><strong>\u0110\u1eb7c \u0110i\u1ec3m N\u1ed5i B\u1eadt<\/strong><\/span><\/p>\n<p>Ch\u1ea5t li\u1ec7u d\u00e0n l\u1ea1nh l\u00e0m b\u1eb1ng \u0111\u1ed3ng, \u0111\u1ed9 b\u1ec1n t\u1ed1t v\u00e0 cho kh\u1ea3 n\u0103ng c\u1ea5p \u0111\u00f4ng nhanh.<\/p>\n<p>c\u1ea5p \u0111\u00f4ng nhanh v\u1edbi nhi\u1ec7t \u0111\u1ed9 \u2264 -18 \u2103.<\/p>\n<p>t\u1ee7 \u0111\u00f4ng c\u00f2n \u0111\u01b0\u1ee3c trang b\u1ecb c\u00f4ng ngh\u1ec7 Inverter c\u00f3 kh\u1ea3 n\u0103ng ti\u1ebft ki\u1ec7m \u0111i\u1ec7n hi\u1ec7u qu\u1ea3<\/p>\n<p>L\u1edbp c\u00e1ch nhi\u1ec7t t\u1ee7 l\u00e0m b\u1eb1ng Polyurethane c\u00f3 \u0111\u1ed9 d\u00e0y t\u1eeb 50 &#8211; 62 mm<\/p>\n<p>D\u00f9ng gas R600a th\u00e2n thi\u1ec7n v\u1edbi m\u00f4i tr\u01b0\u1eddng do kh\u00f4ng ch\u1ee9a kh\u00ed CFC<\/p>\n<p>&nbsp;<\/p>\n<p>&nbsp;<\/p>\n","protected":false},"featured_media":29653,"comment_status":"open","ping_status":"closed","template":"","meta":[],"product_brand":[],"product_cat":[108],"product_tag":[],"class_list":{"0":"post-30709","1":"product","2":"type-product","3":"status-publish","4":"has-post-thumbnail","6":"product_cat-tu-dong-va-tu-mat","8":"first","9":"instock","10":"sale","11":"taxable","12":"shipping-taxable","13":"purchasable","14":"product-type-simple"},"_links":{"self":[{"href":"https:\/\/dienmaytuandat.com\/index.php\/wp-json\/wp\/v2\/product\/30709","targetHints":{"allow":["GET"]}}],"collection":[{"href":"https:\/\/dienmaytuandat.com\/index.php\/wp-json\/wp\/v2\/product"}],"about":[{"href":"https:\/\/dienmaytuandat.com\/index.php\/wp-json\/wp\/v2\/types\/product"}],"replies":[{"embeddable":true,"href":"https:\/\/dienmaytuandat.com\/index.php\/wp-json\/wp\/v2\/comments?post=30709"}],"version-history":[{"count":2,"href":"https:\/\/dienmaytuandat.com\/index.php\/wp-json\/wp\/v2\/product\/30709\/revisions"}],"predecessor-version":[{"id":30713,"href":"https:\/\/dienmaytuandat.com\/index.php\/wp-json\/wp\/v2\/product\/30709\/revisions\/30713"}],"wp:featuredmedia":[{"embeddable":true,"href":"https:\/\/dienmaytuandat.com\/index.php\/wp-json\/wp\/v2\/media\/29653"}],"wp:attachment":[{"href":"https:\/\/dienmaytuandat.com\/index.php\/wp-json\/wp\/v2\/media?parent=30709"}],"wp:term":[{"taxonomy":"product_brand","embeddable":true,"href":"https:\/\/dienmaytuandat.com\/index.php\/wp-json\/wp\/v2\/product_brand?post=30709"},{"taxonomy":"product_cat","embeddable":true,"href":"https:\/\/dienmaytuandat.com\/index.php\/wp-json\/wp\/v2\/product_cat?post=30709"},{"taxonomy":"product_tag","embeddable":true,"href":"https:\/\/dienmaytuandat.com\/index.php\/wp-json\/wp\/v2\/product_tag?post=30709"}],"curies":[{"name":"wp","href":"https:\/\/api.w.org\/{rel}","templated":true}]}}